{"id":23,"date":"2023-04-03T15:41:33","date_gmt":"2023-04-03T14:41:33","guid":{"rendered":"https:\/\/sionszava.hu\/?page_id=23"},"modified":"2023-04-06T13:16:52","modified_gmt":"2023-04-06T11:16:52","slug":"hitvallasunk","status":"publish","type":"page","link":"https:\/\/sionszava.hu\/?page_id=23","title":{"rendered":"Hitvall\u00e1sunk"},"content":{"rendered":"\t\t<div data-elementor-type=\"wp-page\" data-elementor-id=\"23\" class=\"elementor elementor-23\" data-elementor-post-type=\"page\">\n\t\t\t\t<div class=\"elementor-element elementor-element-d8b7747 e-flex e-con-boxed e-con e-parent\" data-id=\"d8b7747\" data-element_type=\"container\" data-e-type=\"container\">\n\t\t\t\t\t<div class=\"e-con-inner\">\n\t\t\t\t<div class=\"elementor-element elementor-element-e4e4ac2 elementor-widget elementor-widget-heading\" data-id=\"e4e4ac2\" data-element_type=\"widget\" data-e-type=\"widget\" data-widget_type=\"heading.default\">\n\t\t\t\t<div class=\"elementor-widget-container\">\n\t\t\t\t\t<h2 class=\"elementor-heading-title elementor-size-default\">Hitvall\u00e1sunk<\/h2>\t\t\t\t<\/div>\n\t\t\t\t<\/div>\n\t\t\t\t<div class=\"elementor-element elementor-element-fdb2ef2 elementor-widget elementor-widget-heading\" data-id=\"fdb2ef2\" data-element_type=\"widget\" data-e-type=\"widget\" data-widget_type=\"heading.default\">\n\t\t\t\t<div class=\"elementor-widget-container\">\n\t\t\t\t\t<h4 class=\"elementor-heading-title elementor-size-default\">Biblia<\/h4>\t\t\t\t<\/div>\n\t\t\t\t<\/div>\n\t\t\t\t<div class=\"elementor-element elementor-element-18b174c elementor-widget elementor-widget-text-editor\" data-id=\"18b174c\" data-element_type=\"widget\" data-e-type=\"widget\" data-widget_type=\"text-editor.default\">\n\t\t\t\t<div class=\"elementor-widget-container\">\n\t\t\t\t\t\t\t\t\t<div><div>Hissz\u00fck \u00e9s valljuk, hogy a teljes \u00cdr\u00e1s Istent\u0151l ihletett, emberek \u00edrt\u00e1k le a Szent Szellem ihlet\u00e9se nyom\u00e1n. A Szent\u00edr\u00e1s t\u00e9vedhetetlen, \u00e9s befejezett.<\/div><\/div>\t\t\t\t\t\t\t\t<\/div>\n\t\t\t\t<\/div>\n\t\t\t\t<div class=\"elementor-element elementor-element-57064ac elementor-widget elementor-widget-heading\" data-id=\"57064ac\" data-element_type=\"widget\" data-e-type=\"widget\" data-widget_type=\"heading.default\">\n\t\t\t\t<div class=\"elementor-widget-container\">\n\t\t\t\t\t<h4 class=\"elementor-heading-title elementor-size-default\">Szenth\u00e1roms\u00e1g<\/h4>\t\t\t\t<\/div>\n\t\t\t\t<\/div>\n\t\t\t\t<div class=\"elementor-element elementor-element-ac40ffd elementor-widget elementor-widget-text-editor\" data-id=\"ac40ffd\" data-element_type=\"widget\" data-e-type=\"widget\" data-widget_type=\"text-editor.default\">\n\t\t\t\t<div class=\"elementor-widget-container\">\n\t\t\t\t\t\t\t\t\t<div><div>Hissz\u00fck \u00e9s valljuk, hogy az Atya Isten, Fi\u00fa Isten, Szent Szellem Isten, t\u00f6k\u00e9letes \u00e9s oszthatatlan egys\u00e9gben l\u00e9tezik \u00f6r\u00f6kt\u0151l fogva \u00e9s mind\u00f6r\u00f6kk\u00e9.<\/div><\/div>\t\t\t\t\t\t\t\t<\/div>\n\t\t\t\t<\/div>\n\t\t\t\t<div class=\"elementor-element elementor-element-ca11965 elementor-widget elementor-widget-heading\" data-id=\"ca11965\" data-element_type=\"widget\" data-e-type=\"widget\" data-widget_type=\"heading.default\">\n\t\t\t\t<div class=\"elementor-widget-container\">\n\t\t\t\t\t<h4 class=\"elementor-heading-title elementor-size-default\">Teremt\u00e9s<\/h4>\t\t\t\t<\/div>\n\t\t\t\t<\/div>\n\t\t\t\t<div class=\"elementor-element elementor-element-15c7258 elementor-widget elementor-widget-text-editor\" data-id=\"15c7258\" data-element_type=\"widget\" data-e-type=\"widget\" data-widget_type=\"text-editor.default\">\n\t\t\t\t<div class=\"elementor-widget-container\">\n\t\t\t\t\t\t\t\t\t<div><div>Hissz\u00fck \u00e9s valljuk, hogy a teremt\u00e9s Isten mindenhat\u00f3 akarata nyom\u00e1n j\u00f6tt l\u00e9tre az \u00f6r\u00f6k terv alapj\u00e1n. Isten teremt\u0151 Szava hozta l\u00e9tre a teljes univerzumot.<\/div><\/div>\t\t\t\t\t\t\t\t<\/div>\n\t\t\t\t<\/div>\n\t\t\t\t<div class=\"elementor-element elementor-element-eac32e1 elementor-widget elementor-widget-heading\" data-id=\"eac32e1\" data-element_type=\"widget\" data-e-type=\"widget\" data-widget_type=\"heading.default\">\n\t\t\t\t<div class=\"elementor-widget-container\">\n\t\t\t\t\t<h4 class=\"elementor-heading-title elementor-size-default\">Ember<\/h4>\t\t\t\t<\/div>\n\t\t\t\t<\/div>\n\t\t\t\t<div class=\"elementor-element elementor-element-38e879f elementor-widget elementor-widget-text-editor\" data-id=\"38e879f\" data-element_type=\"widget\" data-e-type=\"widget\" data-widget_type=\"text-editor.default\">\n\t\t\t\t<div class=\"elementor-widget-container\">\n\t\t\t\t\t\t\t\t\t<div><div>Hissz\u00fck \u00e9s valljuk, hogy az embert Isten teremtette a f\u00f6ld por\u00e1b\u00f3l, a saj\u00e1t k\u00e9pm\u00e1s\u00e1ra. Az ember az \u00e9denben b\u0171nbe esett a s\u00e1t\u00e1n k\u00eds\u00e9rt\u00e9se nyom\u00e1n. A b\u0171neset r\u00e9v\u00e9n, szellemben halott\u00e1 v\u00e1lt.<\/div><\/div>\t\t\t\t\t\t\t\t<\/div>\n\t\t\t\t<\/div>\n\t\t\t\t\t<\/div>\n\t\t\t\t<\/div>\n\t\t<div class=\"elementor-element elementor-element-c669a78 e-flex e-con-boxed e-con e-parent\" data-id=\"c669a78\" data-element_type=\"container\" data-e-type=\"container\">\n\t\t\t\t\t<div class=\"e-con-inner\">\n\t\t\t\t<div class=\"elementor-element elementor-element-1ec123c elementor-widget elementor-widget-heading\" data-id=\"1ec123c\" data-element_type=\"widget\" data-e-type=\"widget\" data-widget_type=\"heading.default\">\n\t\t\t\t<div class=\"elementor-widget-container\">\n\t\t\t\t\t<h4 class=\"elementor-heading-title elementor-size-default\">Megv\u00e1lt\u00e1s<\/h4>\t\t\t\t<\/div>\n\t\t\t\t<\/div>\n\t\t\t\t<div class=\"elementor-element elementor-element-bf19aec elementor-widget elementor-widget-text-editor\" data-id=\"bf19aec\" data-element_type=\"widget\" data-e-type=\"widget\" data-widget_type=\"text-editor.default\">\n\t\t\t\t<div class=\"elementor-widget-container\">\n\t\t\t\t\t\t\t\t\t<div><div>Hissz\u00fck \u00e9s valljuk, hogy az ember a b\u0171neset k\u00f6vetkezm\u00e9nyek\u00e9nt elszakadt Istent\u0151l. Isten a szeretet\u00e9vel megment\u0151 terv\u00e9ben, gondoskodott az ember megv\u00e1lt\u00e1s\u00e1r\u00f3l. Elk\u00fcldte J\u00e9zus Krisztus az egysz\u00fcl\u00f6tt fi\u00e1t, hogy az \u0150 \u00e1ldozat\u00e1n kereszt\u00fcl megv\u00e1ltsa az embert a k\u00e1rhozatt\u00f3l. A megv\u00e1lt\u00e1sban Isten szeretete \u00e9s igazs\u00e1ga beteljesedett.<\/div><\/div>\t\t\t\t\t\t\t\t<\/div>\n\t\t\t\t<\/div>\n\t\t\t\t\t<\/div>\n\t\t\t\t<\/div>\n\t\t<div class=\"elementor-element elementor-element-a91ee05 e-flex e-con-boxed e-con e-parent\" data-id=\"a91ee05\" data-element_type=\"container\" data-e-type=\"container\">\n\t\t\t\t\t<div class=\"e-con-inner\">\n\t\t\t\t<div class=\"elementor-element elementor-element-af59cc7 elementor-widget elementor-widget-heading\" data-id=\"af59cc7\" data-element_type=\"widget\" data-e-type=\"widget\" data-widget_type=\"heading.default\">\n\t\t\t\t<div class=\"elementor-widget-container\">\n\t\t\t\t\t<h4 class=\"elementor-heading-title elementor-size-default\">B\u0171nrendez\u00e9s<\/h4>\t\t\t\t<\/div>\n\t\t\t\t<\/div>\n\t\t\t\t<div class=\"elementor-element elementor-element-8193750 elementor-widget elementor-widget-text-editor\" data-id=\"8193750\" data-element_type=\"widget\" data-e-type=\"widget\" data-widget_type=\"text-editor.default\">\n\t\t\t\t<div class=\"elementor-widget-container\">\n\t\t\t\t\t\t\t\t\t<div><div>Hissz\u00fck \u00e9s valljuk, hogy a b\u0171nrendez\u00e9sben, kulcs szerepe van a megt\u00e9r\u00e9snek, a b\u0171nmegvall\u00e1snak, elhagy\u00e1snak \u00e9s amennyiben ez lehets\u00e9ges, a j\u00f3v\u00e1t\u00e9telnek. A b\u0171nb\u00e1natra Isten szeretetv\u00e1lasza a kegyelemb\u0151l t\u00f6rt\u00e9n\u0151 b\u0171nmegbocs\u00e1t\u00e1s.<\/div><\/div>\t\t\t\t\t\t\t\t<\/div>\n\t\t\t\t<\/div>\n\t\t\t\t\t<\/div>\n\t\t\t\t<\/div>\n\t\t<div class=\"elementor-element elementor-element-143441e e-flex e-con-boxed e-con e-parent\" data-id=\"143441e\" data-element_type=\"container\" data-e-type=\"container\">\n\t\t\t\t\t<div class=\"e-con-inner\">\n\t\t\t\t<div class=\"elementor-element elementor-element-4b89b58 elementor-widget elementor-widget-heading\" data-id=\"4b89b58\" data-element_type=\"widget\" data-e-type=\"widget\" data-widget_type=\"heading.default\">\n\t\t\t\t<div class=\"elementor-widget-container\">\n\t\t\t\t\t<h4 class=\"elementor-heading-title elementor-size-default\">\u00dcdv\u00f6ss\u00e9g, k\u00e1rhozat<\/h4>\t\t\t\t<\/div>\n\t\t\t\t<\/div>\n\t\t\t\t<div class=\"elementor-element elementor-element-c8a94f2 elementor-widget elementor-widget-text-editor\" data-id=\"c8a94f2\" data-element_type=\"widget\" data-e-type=\"widget\" data-widget_type=\"text-editor.default\">\n\t\t\t\t<div class=\"elementor-widget-container\">\n\t\t\t\t\t\t\t\t\t<div><div>Hissz\u00fck \u00e9s valljuk, hogy az \u00f6r\u00f6kl\u00e9tben, az \u00fcdv\u00f6ss\u00e9g a megv\u00e1ltottak \u00e9s megt\u00e9rtek oszt\u00e1lyr\u00e9sze. A f\u00f6ldi \u00e9let ideje adatott mindenki sz\u00e1m\u00e1ra, hogy d\u00f6nt\u00e9st hozzon a j\u00f6v\u0151je fel\u0151l. Ha megt\u00e9r \u00e9s hisz, \u00fcdv\u00f6z\u00fcl, de ha nem t\u00e9r meg Istenhez a f\u00f6ldi \u00e9lete sor\u00e1n, a k\u00e1rhozat \u00e1llapot\u00e1ban marad \u00f6r\u00f6kk\u00e9.<\/div><\/div>\t\t\t\t\t\t\t\t<\/div>\n\t\t\t\t<\/div>\n\t\t\t\t\t<\/div>\n\t\t\t\t<\/div>\n\t\t<div class=\"elementor-element elementor-element-8b81fd0 e-flex e-con-boxed e-con e-parent\" data-id=\"8b81fd0\" data-element_type=\"container\" data-e-type=\"container\">\n\t\t\t\t\t<div class=\"e-con-inner\">\n\t\t\t\t<div class=\"elementor-element elementor-element-39dbaae elementor-widget elementor-widget-heading\" data-id=\"39dbaae\" data-element_type=\"widget\" data-e-type=\"widget\" data-widget_type=\"heading.default\">\n\t\t\t\t<div class=\"elementor-widget-container\">\n\t\t\t\t\t<h4 class=\"elementor-heading-title elementor-size-default\">Bemer\u00edt\u00e9s<\/h4>\t\t\t\t<\/div>\n\t\t\t\t<\/div>\n\t\t\t\t<div class=\"elementor-element elementor-element-68060fb elementor-widget elementor-widget-text-editor\" data-id=\"68060fb\" data-element_type=\"widget\" data-e-type=\"widget\" data-widget_type=\"text-editor.default\">\n\t\t\t\t<div class=\"elementor-widget-container\">\n\t\t\t\t\t\t\t\t\t<div><div>Hissz\u00fck \u00e9s valljuk, hogy a bemer\u00edt\u00e9s a megt\u00e9rt kereszt\u00e9nyek \u00e9let Isten \u00e9s emberek el\u0151tt a J\u00e9zus Krisztusban val\u00f3 hitbeli d\u00f6nt\u00e9sr\u0151l. Ebben a fontos kezdeti r\u00e9sze. Akik megt\u00e9rnek bemer\u00edtkeznek. A bemer\u00edt\u00e9s, bizonys\u00e1gt\u00e9tel mozzanatban elmer\u00fcl az \u201e\u00f3ember\u201d \u00e9s felt\u00e1mad az \u00faj, amely Isten szerint teremtetett igazs\u00e1gban \u00e9s val\u00f3s\u00e1gos szents\u00e9gben.<\/div><\/div>\t\t\t\t\t\t\t\t<\/div>\n\t\t\t\t<\/div>\n\t\t\t\t\t<\/div>\n\t\t\t\t<\/div>\n\t\t<div class=\"elementor-element elementor-element-9c56d3d e-flex e-con-boxed e-con e-parent\" data-id=\"9c56d3d\" data-element_type=\"container\" data-e-type=\"container\">\n\t\t\t\t\t<div class=\"e-con-inner\">\n\t\t\t\t<div class=\"elementor-element elementor-element-60463dc elementor-widget elementor-widget-heading\" data-id=\"60463dc\" data-element_type=\"widget\" data-e-type=\"widget\" data-widget_type=\"heading.default\">\n\t\t\t\t<div class=\"elementor-widget-container\">\n\t\t\t\t\t<h4 class=\"elementor-heading-title elementor-size-default\">\u00dajj\u00e1sz\u00fclet\u00e9s, szents\u00e9g<\/h4>\t\t\t\t<\/div>\n\t\t\t\t<\/div>\n\t\t\t\t<div class=\"elementor-element elementor-element-01755ff elementor-widget elementor-widget-text-editor\" data-id=\"01755ff\" data-element_type=\"widget\" data-e-type=\"widget\" data-widget_type=\"text-editor.default\">\n\t\t\t\t<div class=\"elementor-widget-container\">\n\t\t\t\t\t\t\t\t\t<div><div>Hissz\u00fck \u00e9s valljuk, hogy a h\u00edv\u0151 ember \u00fajj\u00e1 sz\u00fcletik a Szent Szellemt\u0151l. Az \u00fajj\u00e1sz\u00fclet\u00e9s az \u00faj \u00e9let kezdete hit \u00e1ltal J\u00e9zus Krisztusban.<\/div><\/div>\t\t\t\t\t\t\t\t<\/div>\n\t\t\t\t<\/div>\n\t\t\t\t\t<\/div>\n\t\t\t\t<\/div>\n\t\t<div class=\"elementor-element elementor-element-87ef6b2 e-flex e-con-boxed e-con e-parent\" data-id=\"87ef6b2\" data-element_type=\"container\" data-e-type=\"container\">\n\t\t\t\t\t<div class=\"e-con-inner\">\n\t\t\t\t<div class=\"elementor-element elementor-element-4c905db elementor-widget elementor-widget-heading\" data-id=\"4c905db\" data-element_type=\"widget\" data-e-type=\"widget\" data-widget_type=\"heading.default\">\n\t\t\t\t<div class=\"elementor-widget-container\">\n\t\t\t\t\t<h4 class=\"elementor-heading-title elementor-size-default\">Hit\u00e9let<\/h4>\t\t\t\t<\/div>\n\t\t\t\t<\/div>\n\t\t\t\t<div class=\"elementor-element elementor-element-f35a547 elementor-widget elementor-widget-text-editor\" data-id=\"f35a547\" data-element_type=\"widget\" data-e-type=\"widget\" data-widget_type=\"text-editor.default\">\n\t\t\t\t<div class=\"elementor-widget-container\">\n\t\t\t\t\t\t\t\t\t<div><div>Hissz\u00fck \u00e9s valljuk, hogy a hit\u00e9let az \u00fajj\u00e1sz\u00fcletett \u00e9let folyamata. A hit\u00e9let fontos r\u00e9sze az im\u00e1ds\u00e1g, a kegyelmi aj\u00e1nd\u00e9kok \u00e9s az aj\u00e1nd\u00e9kok szerinti szolg\u00e1lat. A hit\u00e9letben a hitb\u0151l val\u00f3 engedelmess\u00e9g a k\u00f6z\u00f6ss\u00e9g\u00e9p\u00edt\u0151 szeretet \u00e9s az Isten ir\u00e1nti engedelmes \u00e9let.<\/div><\/div>\t\t\t\t\t\t\t\t<\/div>\n\t\t\t\t<\/div>\n\t\t\t\t\t<\/div>\n\t\t\t\t<\/div>\n\t\t<div class=\"elementor-element elementor-element-8c45c42 e-flex e-con-boxed e-con e-parent\" data-id=\"8c45c42\" data-element_type=\"container\" data-e-type=\"container\">\n\t\t\t\t\t<div class=\"e-con-inner\">\n\t\t\t\t<div class=\"elementor-element elementor-element-bab976b elementor-widget elementor-widget-heading\" data-id=\"bab976b\" data-element_type=\"widget\" data-e-type=\"widget\" data-widget_type=\"heading.default\">\n\t\t\t\t<div class=\"elementor-widget-container\">\n\t\t\t\t\t<h4 class=\"elementor-heading-title elementor-size-default\">\u00darvacsora<\/h4>\t\t\t\t<\/div>\n\t\t\t\t<\/div>\n\t\t\t\t<div class=\"elementor-element elementor-element-64b5aaa elementor-widget elementor-widget-text-editor\" data-id=\"64b5aaa\" data-element_type=\"widget\" data-e-type=\"widget\" data-widget_type=\"text-editor.default\">\n\t\t\t\t<div class=\"elementor-widget-container\">\n\t\t\t\t\t\t\t\t\t<div><div>Hissz\u00fck \u00e9s valljuk, hogy az \u00darvacsora, eucharisztia, J\u00e9zus Krisztus akarat\u00e1b\u00f3l t\u00f6rt\u00e9nik a tan\u00edtv\u00e1nyai \u00e9let\u00e9ben. Az \u00darvacsora eml\u00e9kez\u00e9s J\u00e9zus kereszthal\u00e1l\u00e1ra \u00e9s felt\u00e1mad\u00e1s\u00e1ra. Egyben er\u0151t hordoz a h\u00edv\u0151 ember sz\u00e1m\u00e1ra.<\/div><\/div>\t\t\t\t\t\t\t\t<\/div>\n\t\t\t\t<\/div>\n\t\t\t\t\t<\/div>\n\t\t\t\t<\/div>\n\t\t<div class=\"elementor-element elementor-element-47ecdc7 e-flex e-con-boxed e-con e-parent\" data-id=\"47ecdc7\" data-element_type=\"container\" data-e-type=\"container\">\n\t\t\t\t\t<div class=\"e-con-inner\">\n\t\t\t\t<div class=\"elementor-element elementor-element-3c5f30c elementor-widget elementor-widget-heading\" data-id=\"3c5f30c\" data-element_type=\"widget\" data-e-type=\"widget\" data-widget_type=\"heading.default\">\n\t\t\t\t<div class=\"elementor-widget-container\">\n\t\t\t\t\t<h4 class=\"elementor-heading-title elementor-size-default\">K\u00fcldet\u00e9s<\/h4>\t\t\t\t<\/div>\n\t\t\t\t<\/div>\n\t\t\t\t<div class=\"elementor-element elementor-element-ccffa56 elementor-widget elementor-widget-text-editor\" data-id=\"ccffa56\" data-element_type=\"widget\" data-e-type=\"widget\" data-widget_type=\"text-editor.default\">\n\t\t\t\t<div class=\"elementor-widget-container\">\n\t\t\t\t\t\t\t\t\t<div><div>Hissz\u00fck \u00e9s valljuk, hogy a misszi\u00f3s k\u00fcldet\u00e9s J\u00e9zus Krisztus misszi\u00f3parancsa alapj\u00e1n m\u0171k\u00f6dik a tan\u00edtv\u00e1nyai \u00e9let\u00e9ben. A tan\u00edtv\u00e1nyok hisznek, \u00e9s hit\u00fckr\u0151l bizonys\u00e1got tesznek az embereknek. Ez\u00e1ltal munk\u00e1lkodnak m\u00e1sok megt\u00e9r\u00e9s\u00e9n engedelmess\u00e9gb\u0151l, \u00e9s az emberek ir\u00e1nti szeretetb\u0151l.<\/div><\/div>\t\t\t\t\t\t\t\t<\/div>\n\t\t\t\t<\/div>\n\t\t\t\t\t<\/div>\n\t\t\t\t<\/div>\n\t\t<div class=\"elementor-element elementor-element-c34064e e-flex e-con-boxed e-con e-parent\" data-id=\"c34064e\" data-element_type=\"container\" data-e-type=\"container\">\n\t\t\t\t\t<div class=\"e-con-inner\">\n\t\t\t\t<div class=\"elementor-element elementor-element-08bc936 elementor-widget elementor-widget-heading\" data-id=\"08bc936\" data-element_type=\"widget\" data-e-type=\"widget\" data-widget_type=\"heading.default\">\n\t\t\t\t<div class=\"elementor-widget-container\">\n\t\t\t\t\t<h4 class=\"elementor-heading-title elementor-size-default\">Helyi gy\u00fclekezet<\/h4>\t\t\t\t<\/div>\n\t\t\t\t<\/div>\n\t\t\t\t<div class=\"elementor-element elementor-element-a3f5ecd elementor-widget elementor-widget-text-editor\" data-id=\"a3f5ecd\" data-element_type=\"widget\" data-e-type=\"widget\" data-widget_type=\"text-editor.default\">\n\t\t\t\t<div class=\"elementor-widget-container\">\n\t\t\t\t\t\t\t\t\t<div><div>Hissz\u00fck \u00e9s valljuk, hogy a helyi gy\u00fclekezet az ekl\u00e9zsia szerves r\u00e9sze. A gy\u00fclekezet, tagokb\u00f3l \u00e1ll, akik szeretetk\u00f6z\u00f6ss\u00e9gben \u00e9lnek. Szolg\u00e1lnak egym\u00e1s fel\u00e9 \u00e9s egy\u00fctt pedig m\u00e1sok fel\u00e9 v\u00e9geznek szolg\u00e1latot.<\/div><\/div>\t\t\t\t\t\t\t\t<\/div>\n\t\t\t\t<\/div>\n\t\t\t\t\t<\/div>\n\t\t\t\t<\/div>\n\t\t<div class=\"elementor-element elementor-element-3415d29 e-flex e-con-boxed e-con e-parent\" data-id=\"3415d29\" data-element_type=\"container\" data-e-type=\"container\">\n\t\t\t\t\t<div class=\"e-con-inner\">\n\t\t\t\t<div class=\"elementor-element elementor-element-367c0bb elementor-widget elementor-widget-heading\" data-id=\"367c0bb\" data-element_type=\"widget\" data-e-type=\"widget\" data-widget_type=\"heading.default\">\n\t\t\t\t<div class=\"elementor-widget-container\">\n\t\t\t\t\t<h4 class=\"elementor-heading-title elementor-size-default\">Gy\u00fclekezeti kapcsolatok<\/h4>\t\t\t\t<\/div>\n\t\t\t\t<\/div>\n\t\t\t\t<div class=\"elementor-element elementor-element-aeedf15 elementor-widget elementor-widget-text-editor\" data-id=\"aeedf15\" data-element_type=\"widget\" data-e-type=\"widget\" data-widget_type=\"text-editor.default\">\n\t\t\t\t<div class=\"elementor-widget-container\">\n\t\t\t\t\t\t\t\t\t<div><div>Hissz\u00fck \u00e9s valljuk, hogy a gy\u00fclekezetnek j\u00f3 kapcsolatot kell \u00e1polnia a m\u00e1s kereszt\u00e9ny hitk\u00f6z\u00f6ss\u00e9gekkel, mozgalmakkal, hazai \u00e9s k\u00fclf\u00f6ldi szinteken.<\/div><\/div>\t\t\t\t\t\t\t\t<\/div>\n\t\t\t\t<\/div>\n\t\t\t\t\t<\/div>\n\t\t\t\t<\/div>\n\t\t<div class=\"elementor-element elementor-element-9e6732d e-flex e-con-boxed e-con e-parent\" data-id=\"9e6732d\" data-element_type=\"container\" data-e-type=\"container\">\n\t\t\t\t\t<div class=\"e-con-inner\">\n\t\t\t\t<div class=\"elementor-element elementor-element-217bb3c elementor-widget elementor-widget-heading\" data-id=\"217bb3c\" data-element_type=\"widget\" data-e-type=\"widget\" data-widget_type=\"heading.default\">\n\t\t\t\t<div class=\"elementor-widget-container\">\n\t\t\t\t\t<h4 class=\"elementor-heading-title elementor-size-default\">T\u00e1rsadalom<\/h4>\t\t\t\t<\/div>\n\t\t\t\t<\/div>\n\t\t\t\t<div class=\"elementor-element elementor-element-9894544 elementor-widget elementor-widget-text-editor\" data-id=\"9894544\" data-element_type=\"widget\" data-e-type=\"widget\" data-widget_type=\"text-editor.default\">\n\t\t\t\t<div class=\"elementor-widget-container\">\n\t\t\t\t\t\t\t\t\t<div><div>Hissz\u00fck \u00e9s valljuk, hogy a gy\u00fclekezet\u00fcnk tagjainak t\u00f6rv\u00e9nyk\u00f6vet\u0151 \u00e9s tiszteletteljes \u00e9letm\u00f3dot kell \u00e9lnie a t\u00e1rsadalomban. P\u00e9ldamutat\u00f3 erk\u00f6lcs\u00f6s \u00e9s etikus magatart\u00e1ssal kell viszonyulni minden emberhez.<\/div><\/div>\t\t\t\t\t\t\t\t<\/div>\n\t\t\t\t<\/div>\n\t\t\t\t\t<\/div>\n\t\t\t\t<\/div>\n\t\t<div class=\"elementor-element elementor-element-70ea8a1 e-flex e-con-boxed e-con e-parent\" data-id=\"70ea8a1\" data-element_type=\"container\" data-e-type=\"container\">\n\t\t\t\t\t<div class=\"e-con-inner\">\n\t\t\t\t<div class=\"elementor-element elementor-element-8efdb63 elementor-widget elementor-widget-heading\" data-id=\"8efdb63\" data-element_type=\"widget\" data-e-type=\"widget\" data-widget_type=\"heading.default\">\n\t\t\t\t<div class=\"elementor-widget-container\">\n\t\t\t\t\t<h4 class=\"elementor-heading-title elementor-size-default\">H\u00e1zass\u00e1g<\/h4>\t\t\t\t<\/div>\n\t\t\t\t<\/div>\n\t\t\t\t<div class=\"elementor-element elementor-element-b341e29 elementor-widget elementor-widget-text-editor\" data-id=\"b341e29\" data-element_type=\"widget\" data-e-type=\"widget\" data-widget_type=\"text-editor.default\">\n\t\t\t\t<div class=\"elementor-widget-container\">\n\t\t\t\t\t\t\t\t\t<div><div>Hissz\u00fck \u00e9s valljuk, hogy a h\u00e1zass\u00e1g int\u00e9zm\u00e9nye Istent\u0151l sz\u00e1rmazik egy f\u00e9rfi \u00e9s egy n\u0151 k\u00f6z\u00f6s j\u00f6v\u0151jek\u00e9nt. A h\u00e1zass\u00e1gban k\u00f6vetni kell Isten Ig\u00e9j\u00e9nek \u00fatmutat\u00e1s\u00e1t, \u00e9s az adott t\u00e1rsadalmi szab\u00e1lyokat.<\/div><\/div>\t\t\t\t\t\t\t\t<\/div>\n\t\t\t\t<\/div>\n\t\t\t\t\t<\/div>\n\t\t\t\t<\/div>\n\t\t<div class=\"elementor-element elementor-element-1a6df75 e-flex e-con-boxed e-con e-parent\" data-id=\"1a6df75\" data-element_type=\"container\" data-e-type=\"container\">\n\t\t\t\t\t<div class=\"e-con-inner\">\n\t\t\t\t<div class=\"elementor-element elementor-element-c10e8db elementor-widget elementor-widget-heading\" data-id=\"c10e8db\" data-element_type=\"widget\" data-e-type=\"widget\" data-widget_type=\"heading.default\">\n\t\t\t\t<div class=\"elementor-widget-container\">\n\t\t\t\t\t<h4 class=\"elementor-heading-title elementor-size-default\">Csal\u00e1d<\/h4>\t\t\t\t<\/div>\n\t\t\t\t<\/div>\n\t\t\t\t<div class=\"elementor-element elementor-element-c2e9e43 elementor-widget elementor-widget-text-editor\" data-id=\"c2e9e43\" data-element_type=\"widget\" data-e-type=\"widget\" data-widget_type=\"text-editor.default\">\n\t\t\t\t<div class=\"elementor-widget-container\">\n\t\t\t\t\t\t\t\t\t<div><div>Hissz\u00fck \u00e9s valljuk, hogy a csal\u00e1d sz\u00fcl\u0151kb\u0151l gyermekekb\u0151l \u00e1ll. A sz\u00fcl\u0151k felel\u0151ss\u00e9ggel tartoznak a gyermekek fel\u00e9 \u00e9s a gyermekek pedig engedelmess\u00e9ggel a sz\u00fcl\u0151k fel\u00e9. Az id\u0151s sz\u00fcl\u0151kr\u0151l gondoskodniuk kell a feln\u0151tt gyermekeknek, ezzel is megadva a tiszteletteljes szeretetet \u00e9s a viszont tartoz\u00e1st, amelyben \u0151ket felnevelt\u00e9k a sz\u00fcl\u0151k.<\/div><\/div>\t\t\t\t\t\t\t\t<\/div>\n\t\t\t\t<\/div>\n\t\t\t\t\t<\/div>\n\t\t\t\t<\/div>\n\t\t<div class=\"elementor-element elementor-element-76e3a6e e-flex e-con-boxed e-con e-parent\" data-id=\"76e3a6e\" data-element_type=\"container\" data-e-type=\"container\">\n\t\t\t\t\t<div class=\"e-con-inner\">\n\t\t\t\t<div class=\"elementor-element elementor-element-7f22699 elementor-widget elementor-widget-heading\" data-id=\"7f22699\" data-element_type=\"widget\" data-e-type=\"widget\" data-widget_type=\"heading.default\">\n\t\t\t\t<div class=\"elementor-widget-container\">\n\t\t\t\t\t<h4 class=\"elementor-heading-title elementor-size-default\">J\u00f6v\u0151k\u00e9p<\/h4>\t\t\t\t<\/div>\n\t\t\t\t<\/div>\n\t\t\t\t<div class=\"elementor-element elementor-element-0518b01 elementor-widget elementor-widget-text-editor\" data-id=\"0518b01\" data-element_type=\"widget\" data-e-type=\"widget\" data-widget_type=\"text-editor.default\">\n\t\t\t\t<div class=\"elementor-widget-container\">\n\t\t\t\t\t\t\t\t\t<div><div>Hissz\u00fck \u00e9s valljuk, hogy a kereszt\u00e9nyek j\u00f6v\u0151k\u00e9pe a felt\u00e1mad\u00e1s, \u00e9s a Krisztussal val\u00f3 \u00f6r\u00f6k egy\u00fcttl\u00e9t. Az eszkatal\u00f3giai v\u00e9gid\u0151k mozzanatai; J\u00e9zus visszaj\u00f6vetele, b\u00e9keorsz\u00e1gl\u00e1sa, \u00e9s az \u00faj \u00e9g, \u00faj f\u00f6ld \u00f6r\u00f6k fenn\u00e1ll\u00e1sa. A Menny az \u00fcdv\u00f6ss\u00e9g \u00f6r\u00f6k sz\u00edntere a kereszt\u00e9nyek sz\u00e1m\u00e1ra.<\/div><\/div>\t\t\t\t\t\t\t\t<\/div>\n\t\t\t\t<\/div>\n\t\t\t\t<div class=\"elementor-element elementor-element-0673370 elementor-widget elementor-widget-text-editor\" data-id=\"0673370\" data-element_type=\"widget\" data-e-type=\"widget\" data-widget_type=\"text-editor.default\">\n\t\t\t\t<div class=\"elementor-widget-container\">\n\t\t\t\t\t\t\t\t\t<div><div><em>D\u00e1tum: Miskolc, 2019. 11. 06.<\/em><\/div><\/div>\t\t\t\t\t\t\t\t<\/div>\n\t\t\t\t<\/div>\n\t\t\t\t\t<\/div>\n\t\t\t\t<\/div>\n\t\t\t\t<\/div>\n\t\t","protected":false},"excerpt":{"rendered":"<p>Hitvall\u00e1sunk Biblia Hissz\u00fck \u00e9s valljuk, hogy a teljes \u00cdr\u00e1s Istent\u0151l ihletett, emberek \u00edrt\u00e1k le a Szent Szellem ihlet\u00e9se nyom\u00e1n. A Szent\u00edr\u00e1s t\u00e9vedhetetlen, \u00e9s befejezett. Szenth\u00e1roms\u00e1g Hissz\u00fck \u00e9s valljuk, hogy az Atya Isten, Fi\u00fa Isten, Szent Szellem Isten, t\u00f6k\u00e9letes \u00e9s oszthatatlan egys\u00e9gben l\u00e9tezik \u00f6r\u00f6kt\u0151l fogva \u00e9s mind\u00f6r\u00f6kk\u00e9. Teremt\u00e9s Hissz\u00fck \u00e9s valljuk, hogy a teremt\u00e9s Isten mindenhat\u00f3 [&hellip;]<\/p>\n","protected":false},"author":1,"featured_media":0,"parent":0,"menu_order":0,"comment_status":"closed","ping_status":"closed","template":"","meta":{"footnotes":""},"class_list":["post-23","page","type-page","status-publish","hentry"],"_links":{"self":[{"href":"https:\/\/sionszava.hu\/index.php?rest_route=\/wp\/v2\/pages\/23","targetHints":{"allow":["GET"]}}],"collection":[{"href":"https:\/\/sionszava.hu\/index.php?rest_route=\/wp\/v2\/pages"}],"about":[{"href":"https:\/\/sionszava.hu\/index.php?rest_route=\/wp\/v2\/types\/page"}],"author":[{"embeddable":true,"href":"https:\/\/sionszava.hu\/index.php?rest_route=\/wp\/v2\/users\/1"}],"replies":[{"embeddable":true,"href":"https:\/\/sionszava.hu\/index.php?rest_route=%2Fwp%2Fv2%2Fcomments&post=23"}],"version-history":[{"count":5,"href":"https:\/\/sionszava.hu\/index.php?rest_route=\/wp\/v2\/pages\/23\/revisions"}],"predecessor-version":[{"id":426,"href":"https:\/\/sionszava.hu\/index.php?rest_route=\/wp\/v2\/pages\/23\/revisions\/426"}],"wp:attachment":[{"href":"https:\/\/sionszava.hu\/index.php?rest_route=%2Fwp%2Fv2%2Fmedia&parent=23"}],"curies":[{"name":"wp","href":"https:\/\/api.w.org\/{rel}","templated":true}]}}