{"id":433,"date":"2023-06-21T13:33:55","date_gmt":"2023-06-21T11:33:55","guid":{"rendered":"https:\/\/sionszava.hu\/?page_id=433"},"modified":"2024-03-01T10:23:38","modified_gmt":"2024-03-01T09:23:38","slug":"eszak-mo","status":"publish","type":"page","link":"https:\/\/sionszava.hu\/?page_id=433","title":{"rendered":"\u00c9szak-Mo."},"content":{"rendered":"\t\t<div data-elementor-type=\"wp-page\" data-elementor-id=\"433\" class=\"elementor elementor-433\" data-elementor-post-type=\"page\">\n\t\t\t\t<div class=\"elementor-element elementor-element-b7cd307 e-flex e-con-boxed e-con e-parent\" data-id=\"b7cd307\" data-element_type=\"container\" data-e-type=\"container\">\n\t\t\t\t\t<div class=\"e-con-inner\">\n\t\t\t\t<div class=\"elementor-element elementor-element-763caab elementor-widget elementor-widget-heading\" data-id=\"763caab\" data-element_type=\"widget\" data-e-type=\"widget\" data-widget_type=\"heading.default\">\n\t\t\t\t<div class=\"elementor-widget-container\">\n\t\t\t\t\t<h2 class=\"elementor-heading-title elementor-size-default\">\u00c9szak-Magyarorsz\u00e1gi R\u00e9gi\u00f3<\/h2>\t\t\t\t<\/div>\n\t\t\t\t<\/div>\n\t\t\t\t<div class=\"elementor-element elementor-element-100bfda elementor-widget elementor-widget-heading\" data-id=\"100bfda\" data-element_type=\"widget\" data-e-type=\"widget\" data-widget_type=\"heading.default\">\n\t\t\t\t<div class=\"elementor-widget-container\">\n\t\t\t\t\t<h4 class=\"elementor-heading-title elementor-size-default\">SION SZAVA SZENDR\u0150I GY\u00dcLEKEZET<\/h4>\t\t\t\t<\/div>\n\t\t\t\t<\/div>\n\t\t\t\t<div class=\"elementor-element elementor-element-4dd0985 elementor-widget elementor-widget-text-editor\" data-id=\"4dd0985\" data-element_type=\"widget\" data-e-type=\"widget\" data-widget_type=\"text-editor.default\">\n\t\t\t\t<div class=\"elementor-widget-container\">\n\t\t\t\t\t\t\t\t\t<p>3752. Szendr\u0151, T\u00e1ncsics utca 29.<br \/>P\u00e1sztor: Horv\u00e1th Gyula<br \/>+36 30 417 6977<\/p><p>\u00a0<\/p>\t\t\t\t\t\t\t\t<\/div>\n\t\t\t\t<\/div>\n\t\t\t\t\t<\/div>\n\t\t\t\t<\/div>\n\t\t<div class=\"elementor-element elementor-element-4bc0a1d e-flex e-con-boxed e-con e-parent\" data-id=\"4bc0a1d\" data-element_type=\"container\" data-e-type=\"container\">\n\t\t\t\t\t<div class=\"e-con-inner\">\n\t\t\t\t<div class=\"elementor-element elementor-element-60c6ff8 elementor-widget elementor-widget-heading\" data-id=\"60c6ff8\" data-element_type=\"widget\" data-e-type=\"widget\" data-widget_type=\"heading.default\">\n\t\t\t\t<div class=\"elementor-widget-container\">\n\t\t\t\t\t<h4 class=\"elementor-heading-title elementor-size-default\">SION SZAVA HERN\u00c1DK\u00c9RCSI GY\u00dcLEKEZET<\/h4>\t\t\t\t<\/div>\n\t\t\t\t<\/div>\n\t\t\t\t<div class=\"elementor-element elementor-element-6820008 elementor-widget elementor-widget-text-editor\" data-id=\"6820008\" data-element_type=\"widget\" data-e-type=\"widget\" data-widget_type=\"text-editor.default\">\n\t\t\t\t<div class=\"elementor-widget-container\">\n\t\t\t\t\t\t\t\t\t<div><div>Hern\u00e1dk\u00e9rcs<br \/>P\u00e1sztor: Demeter J\u00f3zsef<br \/>+36 20 429 5924<\/div><\/div>\t\t\t\t\t\t\t\t<\/div>\n\t\t\t\t<\/div>\n\t\t\t\t\t<\/div>\n\t\t\t\t<\/div>\n\t\t<div class=\"elementor-element elementor-element-9c21a14 e-flex e-con-boxed e-con e-parent\" data-id=\"9c21a14\" data-element_type=\"container\" data-e-type=\"container\">\n\t\t\t\t\t<div class=\"e-con-inner\">\n\t\t\t\t<div class=\"elementor-element elementor-element-66b2535 elementor-widget elementor-widget-heading\" data-id=\"66b2535\" data-element_type=\"widget\" data-e-type=\"widget\" data-widget_type=\"heading.default\">\n\t\t\t\t<div class=\"elementor-widget-container\">\n\t\t\t\t\t<h4 class=\"elementor-heading-title elementor-size-default\">SION SZAVA B\u00d3DVALENKEI GY\u00dcLEKEZET<\/h4>\t\t\t\t<\/div>\n\t\t\t\t<\/div>\n\t\t\t\t<div class=\"elementor-element elementor-element-3041ff9 elementor-widget elementor-widget-text-editor\" data-id=\"3041ff9\" data-element_type=\"widget\" data-e-type=\"widget\" data-widget_type=\"text-editor.default\">\n\t\t\t\t<div class=\"elementor-widget-container\">\n\t\t\t\t\t\t\t\t\t<p>3768. B\u00f3dvalenke, Szabads\u00e1g u. 65.<br \/>P\u00e1sztor: Horv\u00e1th Gyula<br \/>+36 30 417 6977<\/p><p>\u00a0<\/p>\t\t\t\t\t\t\t\t<\/div>\n\t\t\t\t<\/div>\n\t\t\t\t\t<\/div>\n\t\t\t\t<\/div>\n\t\t<div class=\"elementor-element elementor-element-85e0509 e-flex e-con-boxed e-con e-parent\" data-id=\"85e0509\" data-element_type=\"container\" data-e-type=\"container\">\n\t\t\t\t\t<div class=\"e-con-inner\">\n\t\t\t\t<div class=\"elementor-element elementor-element-db87874 elementor-widget elementor-widget-heading\" data-id=\"db87874\" data-element_type=\"widget\" data-e-type=\"widget\" data-widget_type=\"heading.default\">\n\t\t\t\t<div class=\"elementor-widget-container\">\n\t\t\t\t\t<h4 class=\"elementor-heading-title elementor-size-default\">SION SZAVA SZAK\u00c1CSI GY\u00dcLEKEZET<\/h4>\t\t\t\t<\/div>\n\t\t\t\t<\/div>\n\t\t\t\t<div class=\"elementor-element elementor-element-1c561e8 elementor-widget elementor-widget-text-editor\" data-id=\"1c561e8\" data-element_type=\"widget\" data-e-type=\"widget\" data-widget_type=\"text-editor.default\">\n\t\t\t\t<div class=\"elementor-widget-container\">\n\t\t\t\t\t\t\t\t\t<p>Szak\u00e1csi, 3786. Pet\u0151fi S\u00e1ndor u. 2.<br \/>P\u00e1sztor: Horv\u00e1th Gyula<br \/>+36 30 417 6977<\/p>\t\t\t\t\t\t\t\t<\/div>\n\t\t\t\t<\/div>\n\t\t\t\t\t<\/div>\n\t\t\t\t<\/div>\n\t\t<div class=\"elementor-element elementor-element-6229215 e-flex e-con-boxed e-con e-parent\" data-id=\"6229215\" data-element_type=\"container\" data-e-type=\"container\">\n\t\t\t\t\t<div class=\"e-con-inner\">\n\t\t\t\t<div class=\"elementor-element elementor-element-730d638 elementor-widget elementor-widget-heading\" data-id=\"730d638\" data-element_type=\"widget\" data-e-type=\"widget\" data-widget_type=\"heading.default\">\n\t\t\t\t<div class=\"elementor-widget-container\">\n\t\t\t\t\t<h4 class=\"elementor-heading-title elementor-size-default\">SION SZAVA EDEL\u00c9NYI GY\u00dcLEKEZET<\/h4>\t\t\t\t<\/div>\n\t\t\t\t<\/div>\n\t\t\t\t<div class=\"elementor-element elementor-element-03e9f02 elementor-widget elementor-widget-text-editor\" data-id=\"03e9f02\" data-element_type=\"widget\" data-e-type=\"widget\" data-widget_type=\"text-editor.default\">\n\t\t\t\t<div class=\"elementor-widget-container\">\n\t\t\t\t\t\t\t\t\t<p>3780. Edel\u00e9ny<br \/>P\u00e1sztor: Horv\u00e1th Gyula<br \/>+36 30 417 6977<\/p>\t\t\t\t\t\t\t\t<\/div>\n\t\t\t\t<\/div>\n\t\t\t\t\t<\/div>\n\t\t\t\t<\/div>\n\t\t<div class=\"elementor-element elementor-element-35b8278 e-flex e-con-boxed e-con e-parent\" data-id=\"35b8278\" data-element_type=\"container\" data-e-type=\"container\">\n\t\t\t\t\t<div class=\"e-con-inner\">\n\t\t\t\t<div class=\"elementor-element elementor-element-1314a5a elementor-widget elementor-widget-heading\" data-id=\"1314a5a\" data-element_type=\"widget\" data-e-type=\"widget\" data-widget_type=\"heading.default\">\n\t\t\t\t<div class=\"elementor-widget-container\">\n\t\t\t\t\t<h4 class=\"elementor-heading-title elementor-size-default\">SION SZAVA BALAJTI GY\u00dcLEKEZET<\/h4>\t\t\t\t<\/div>\n\t\t\t\t<\/div>\n\t\t\t\t<div class=\"elementor-element elementor-element-e06b978 elementor-widget elementor-widget-text-editor\" data-id=\"e06b978\" data-element_type=\"widget\" data-e-type=\"widget\" data-widget_type=\"text-editor.default\">\n\t\t\t\t<div class=\"elementor-widget-container\">\n\t\t\t\t\t\t\t\t\t<p>3780. Balajt<br \/>P\u00e1sztor: Horv\u00e1th Gyula<br \/>+36 30 417 6977<\/p>\t\t\t\t\t\t\t\t<\/div>\n\t\t\t\t<\/div>\n\t\t\t\t\t<\/div>\n\t\t\t\t<\/div>\n\t\t<div class=\"elementor-element elementor-element-c78fd82 e-flex e-con-boxed e-con e-parent\" data-id=\"c78fd82\" data-element_type=\"container\" data-e-type=\"container\">\n\t\t\t\t\t<div class=\"e-con-inner\">\n\t\t\t\t<div class=\"elementor-element elementor-element-5822075 elementor-widget elementor-widget-heading\" data-id=\"5822075\" data-element_type=\"widget\" data-e-type=\"widget\" data-widget_type=\"heading.default\">\n\t\t\t\t<div class=\"elementor-widget-container\">\n\t\t\t\t\t<h4 class=\"elementor-heading-title elementor-size-default\">SION SZAVA SZUHOGYI GY\u00dcLEKEZET<\/h4>\t\t\t\t<\/div>\n\t\t\t\t<\/div>\n\t\t\t\t<div class=\"elementor-element elementor-element-3449bf5 elementor-widget elementor-widget-text-editor\" data-id=\"3449bf5\" data-element_type=\"widget\" data-e-type=\"widget\" data-widget_type=\"text-editor.default\">\n\t\t\t\t<div class=\"elementor-widget-container\">\n\t\t\t\t\t\t\t\t\t<p>3734. Szuhogy, J\u00f3zsef Attila u. 52.<br \/>P\u00e1sztor: Horv\u00e1th Gyula<br \/>+36 30 417 6977<\/p>\t\t\t\t\t\t\t\t<\/div>\n\t\t\t\t<\/div>\n\t\t\t\t\t<\/div>\n\t\t\t\t<\/div>\n\t\t<div class=\"elementor-element elementor-element-b9e16ae e-flex e-con-boxed e-con e-parent\" data-id=\"b9e16ae\" data-element_type=\"container\" data-e-type=\"container\">\n\t\t\t\t\t<div class=\"e-con-inner\">\n\t\t\t\t<div class=\"elementor-element elementor-element-a76a9dc elementor-widget elementor-widget-heading\" data-id=\"a76a9dc\" data-element_type=\"widget\" data-e-type=\"widget\" data-widget_type=\"heading.default\">\n\t\t\t\t<div class=\"elementor-widget-container\">\n\t\t\t\t\t<h4 class=\"elementor-heading-title elementor-size-default\">SION SZAVA RAKACASZEND<\/h4>\t\t\t\t<\/div>\n\t\t\t\t<\/div>\n\t\t\t\t<div class=\"elementor-element elementor-element-860e9d3 elementor-widget elementor-widget-text-editor\" data-id=\"860e9d3\" data-element_type=\"widget\" data-e-type=\"widget\" data-widget_type=\"text-editor.default\">\n\t\t\t\t<div class=\"elementor-widget-container\">\n\t\t\t\t\t\t\t\t\t<p>3826. Rakacaszend<br \/>P\u00e1sztor: Horv\u00e1th Gyula<br \/>+36 30 417 6977<\/p>\t\t\t\t\t\t\t\t<\/div>\n\t\t\t\t<\/div>\n\t\t\t\t\t<\/div>\n\t\t\t\t<\/div>\n\t\t<div class=\"elementor-element elementor-element-d439e36 e-flex e-con-boxed e-con e-parent\" data-id=\"d439e36\" data-element_type=\"container\" data-e-type=\"container\">\n\t\t\t\t\t<div class=\"e-con-inner\">\n\t\t\t\t<div class=\"elementor-element elementor-element-2d1edc3 elementor-widget elementor-widget-heading\" data-id=\"2d1edc3\" data-element_type=\"widget\" data-e-type=\"widget\" data-widget_type=\"heading.default\">\n\t\t\t\t<div class=\"elementor-widget-container\">\n\t\t\t\t\t<h4 class=\"elementor-heading-title elementor-size-default\">SION SZAVA SZENDR\u0150L\u00c1DI GY\u00dcLEKEZET<\/h4>\t\t\t\t<\/div>\n\t\t\t\t<\/div>\n\t\t\t\t<div class=\"elementor-element elementor-element-0db243e elementor-widget elementor-widget-text-editor\" data-id=\"0db243e\" data-element_type=\"widget\" data-e-type=\"widget\" data-widget_type=\"text-editor.default\">\n\t\t\t\t<div class=\"elementor-widget-container\">\n\t\t\t\t\t\t\t\t\t<p>3751. Szendr\u0151l\u00e1d<br \/>P\u00e1sztor: Horv\u00e1th Gyula<br \/>+36 30 417 6977<\/p>\t\t\t\t\t\t\t\t<\/div>\n\t\t\t\t<\/div>\n\t\t\t\t\t<\/div>\n\t\t\t\t<\/div>\n\t\t<div class=\"elementor-element elementor-element-dbd6434 e-flex e-con-boxed e-con e-parent\" data-id=\"dbd6434\" data-element_type=\"container\" data-e-type=\"container\">\n\t\t\t\t\t<div class=\"e-con-inner\">\n\t\t\t\t<div class=\"elementor-element elementor-element-6a04929 elementor-widget elementor-widget-heading\" data-id=\"6a04929\" data-element_type=\"widget\" data-e-type=\"widget\" data-widget_type=\"heading.default\">\n\t\t\t\t<div class=\"elementor-widget-container\">\n\t\t\t\t\t<h4 class=\"elementor-heading-title elementor-size-default\">SION SZAVA BOLDVAI GY\u00dcLEKEZET<\/h4>\t\t\t\t<\/div>\n\t\t\t\t<\/div>\n\t\t\t\t<div class=\"elementor-element elementor-element-486f3df elementor-widget elementor-widget-text-editor\" data-id=\"486f3df\" data-element_type=\"widget\" data-e-type=\"widget\" data-widget_type=\"text-editor.default\">\n\t\t\t\t<div class=\"elementor-widget-container\">\n\t\t\t\t\t\t\t\t\t<p>P\u00e1sztor: Horv\u00e1th Gyula<br \/>+36 30 417 6977<\/p>\t\t\t\t\t\t\t\t<\/div>\n\t\t\t\t<\/div>\n\t\t\t\t\t<\/div>\n\t\t\t\t<\/div>\n\t\t<div class=\"elementor-element elementor-element-d630ead e-flex e-con-boxed e-con e-parent\" data-id=\"d630ead\" data-element_type=\"container\" data-e-type=\"container\">\n\t\t\t\t\t<div class=\"e-con-inner\">\n\t\t\t\t<div class=\"elementor-element elementor-element-79897ab elementor-widget elementor-widget-heading\" data-id=\"79897ab\" data-element_type=\"widget\" data-e-type=\"widget\" data-widget_type=\"heading.default\">\n\t\t\t\t<div class=\"elementor-widget-container\">\n\t\t\t\t\t<h4 class=\"elementor-heading-title elementor-size-default\">SION SZAVA TUZS\u00c9R<\/h4>\t\t\t\t<\/div>\n\t\t\t\t<\/div>\n\t\t\t\t<div class=\"elementor-element elementor-element-cf5248c elementor-widget elementor-widget-text-editor\" data-id=\"cf5248c\" data-element_type=\"widget\" data-e-type=\"widget\" data-widget_type=\"text-editor.default\">\n\t\t\t\t<div class=\"elementor-widget-container\">\n\t\t\t\t\t\t\t\t\t<p>P\u00e1sztor: Id. Szikora B\u00e9la<br \/>Gy\u00fclekezetvezet\u0151: Ifj. Szikora B\u00e9la<br \/>+36 70\u00a0422 6233<\/p>\t\t\t\t\t\t\t\t<\/div>\n\t\t\t\t<\/div>\n\t\t\t\t\t<\/div>\n\t\t\t\t<\/div>\n\t\t\t\t<\/div>\n\t\t","protected":false},"excerpt":{"rendered":"<p>\u00c9szak-Magyarorsz\u00e1gi R\u00e9gi\u00f3 SION SZAVA SZENDR\u0150I GY\u00dcLEKEZET 3752. Szendr\u0151, T\u00e1ncsics utca 29.P\u00e1sztor: Horv\u00e1th Gyula+36 30 417 6977 \u00a0 SION SZAVA HERN\u00c1DK\u00c9RCSI GY\u00dcLEKEZET Hern\u00e1dk\u00e9rcsP\u00e1sztor: Demeter J\u00f3zsef+36 20 429 5924 SION SZAVA B\u00d3DVALENKEI GY\u00dcLEKEZET 3768. B\u00f3dvalenke, Szabads\u00e1g u. 65.P\u00e1sztor: Horv\u00e1th Gyula+36 30 417 6977 \u00a0 SION SZAVA SZAK\u00c1CSI GY\u00dcLEKEZET Szak\u00e1csi, 3786. Pet\u0151fi S\u00e1ndor u. 2.P\u00e1sztor: Horv\u00e1th Gyula+36 30 [&hellip;]<\/p>\n","protected":false},"author":1,"featured_media":0,"parent":0,"menu_order":0,"comment_status":"closed","ping_status":"closed","template":"","meta":{"footnotes":""},"class_list":["post-433","page","type-page","status-publish","hentry"],"_links":{"self":[{"href":"https:\/\/sionszava.hu\/index.php?rest_route=\/wp\/v2\/pages\/433","targetHints":{"allow":["GET"]}}],"collection":[{"href":"https:\/\/sionszava.hu\/index.php?rest_route=\/wp\/v2\/pages"}],"about":[{"href":"https:\/\/sionszava.hu\/index.php?rest_route=\/wp\/v2\/types\/page"}],"author":[{"embeddable":true,"href":"https:\/\/sionszava.hu\/index.php?rest_route=\/wp\/v2\/users\/1"}],"replies":[{"embeddable":true,"href":"https:\/\/sionszava.hu\/index.php?rest_route=%2Fwp%2Fv2%2Fcomments&post=433"}],"version-history":[{"count":8,"href":"https:\/\/sionszava.hu\/index.php?rest_route=\/wp\/v2\/pages\/433\/revisions"}],"predecessor-version":[{"id":532,"href":"https:\/\/sionszava.hu\/index.php?rest_route=\/wp\/v2\/pages\/433\/revisions\/532"}],"wp:attachment":[{"href":"https:\/\/sionszava.hu\/index.php?rest_route=%2Fwp%2Fv2%2Fmedia&parent=433"}],"curies":[{"name":"wp","href":"https:\/\/api.w.org\/{rel}","templated":true}]}}