{"id":439,"date":"2023-06-21T13:36:36","date_gmt":"2023-06-21T11:36:36","guid":{"rendered":"https:\/\/sionszava.hu\/?page_id=439"},"modified":"2023-06-21T13:50:56","modified_gmt":"2023-06-21T11:50:56","slug":"nyugat-mo","status":"publish","type":"page","link":"https:\/\/sionszava.hu\/?page_id=439","title":{"rendered":"Nyugat-Mo."},"content":{"rendered":"\t\t<div data-elementor-type=\"wp-page\" data-elementor-id=\"439\" class=\"elementor elementor-439\" data-elementor-post-type=\"page\">\n\t\t\t\t<div class=\"elementor-element elementor-element-88072c2 e-flex e-con-boxed e-con e-parent\" data-id=\"88072c2\" data-element_type=\"container\" data-e-type=\"container\">\n\t\t\t\t\t<div class=\"e-con-inner\">\n\t\t\t\t<div class=\"elementor-element elementor-element-bc617f1 elementor-widget elementor-widget-heading\" data-id=\"bc617f1\" data-element_type=\"widget\" data-e-type=\"widget\" data-widget_type=\"heading.default\">\n\t\t\t\t<div class=\"elementor-widget-container\">\n\t\t\t\t\t<h2 class=\"elementor-heading-title elementor-size-default\">Nyugat-Magyarorsz\u00e1gi R\u00e9gi\u00f3<\/h2>\t\t\t\t<\/div>\n\t\t\t\t<\/div>\n\t\t\t\t\t<\/div>\n\t\t\t\t<\/div>\n\t\t<div class=\"elementor-element elementor-element-ab407f5 e-flex e-con-boxed e-con e-parent\" data-id=\"ab407f5\" data-element_type=\"container\" data-e-type=\"container\">\n\t\t\t\t\t<div class=\"e-con-inner\">\n\t\t\t\t<div class=\"elementor-element elementor-element-ffde75d elementor-widget elementor-widget-heading\" data-id=\"ffde75d\" data-element_type=\"widget\" data-e-type=\"widget\" data-widget_type=\"heading.default\">\n\t\t\t\t<div class=\"elementor-widget-container\">\n\t\t\t\t\t<h4 class=\"elementor-heading-title elementor-size-default\">SION SZAVA ZALASZENTGR\u00d3T<\/h4>\t\t\t\t<\/div>\n\t\t\t\t<\/div>\n\t\t\t\t<div class=\"elementor-element elementor-element-2c7092f elementor-widget elementor-widget-text-editor\" data-id=\"2c7092f\" data-element_type=\"widget\" data-e-type=\"widget\" data-widget_type=\"text-editor.default\">\n\t\t\t\t<div class=\"elementor-widget-container\">\n\t\t\t\t\t\t\t\t\t<p>P\u00e1sztor: Magyar L\u00e1szl\u00f3, +36 30\u00a0200 1147<br \/>Gy\u00fclekezetvezet\u0151: J\u00f3 Timon, +36 70\u00a0534 2270<\/p><p>Istentisztelet: Szombat: 16:00 \u2013 Mikossz\u00e9plak, Iskola\u00e9p\u00fclet<\/p>\t\t\t\t\t\t\t\t<\/div>\n\t\t\t\t<\/div>\n\t\t\t\t\t<\/div>\n\t\t\t\t<\/div>\n\t\t<div class=\"elementor-element elementor-element-9b3f415 e-flex e-con-boxed e-con e-parent\" data-id=\"9b3f415\" data-element_type=\"container\" data-e-type=\"container\">\n\t\t\t\t\t<div class=\"e-con-inner\">\n\t\t\t\t<div class=\"elementor-element elementor-element-fcff4af elementor-widget elementor-widget-heading\" data-id=\"fcff4af\" data-element_type=\"widget\" data-e-type=\"widget\" data-widget_type=\"heading.default\">\n\t\t\t\t<div class=\"elementor-widget-container\">\n\t\t\t\t\t<h4 class=\"elementor-heading-title elementor-size-default\">SION SZAVA MIKOSSZ\u00c9PLAK<\/h4>\t\t\t\t<\/div>\n\t\t\t\t<\/div>\n\t\t\t\t<div class=\"elementor-element elementor-element-f4370d2 elementor-widget elementor-widget-text-editor\" data-id=\"f4370d2\" data-element_type=\"widget\" data-e-type=\"widget\" data-widget_type=\"text-editor.default\">\n\t\t\t\t<div class=\"elementor-widget-container\">\n\t\t\t\t\t\t\t\t\t<p>P\u00e1sztor: Magyar L\u00e1szl\u00f3, +36 30\u00a0200 1147<br \/>Gy\u00fclekezetvezet\u0151: J\u00f3 Timon, +36 70\u00a0534 2270<br \/>Vas\u00e1rnap: 15:00<\/p>\t\t\t\t\t\t\t\t<\/div>\n\t\t\t\t<\/div>\n\t\t\t\t\t<\/div>\n\t\t\t\t<\/div>\n\t\t<div class=\"elementor-element elementor-element-511553f e-flex e-con-boxed e-con e-parent\" data-id=\"511553f\" data-element_type=\"container\" data-e-type=\"container\">\n\t\t\t\t\t<div class=\"e-con-inner\">\n\t\t\t\t<div class=\"elementor-element elementor-element-a7e4a35 elementor-widget elementor-widget-heading\" data-id=\"a7e4a35\" data-element_type=\"widget\" data-e-type=\"widget\" data-widget_type=\"heading.default\">\n\t\t\t\t<div class=\"elementor-widget-container\">\n\t\t\t\t\t<h4 class=\"elementor-heading-title elementor-size-default\">SION SZAVA PET\u0150HENYE<\/h4>\t\t\t\t<\/div>\n\t\t\t\t<\/div>\n\t\t\t\t<div class=\"elementor-element elementor-element-9e87ded elementor-widget elementor-widget-text-editor\" data-id=\"9e87ded\" data-element_type=\"widget\" data-e-type=\"widget\" data-widget_type=\"text-editor.default\">\n\t\t\t\t<div class=\"elementor-widget-container\">\n\t\t\t\t\t\t\t\t\t<p>P\u00e1sztor: Kir\u00e1ly Istv\u00e1nn\u00e9, Ibolya +36 30\u00a0898 3540<\/p>\t\t\t\t\t\t\t\t<\/div>\n\t\t\t\t<\/div>\n\t\t\t\t\t<\/div>\n\t\t\t\t<\/div>\n\t\t<div class=\"elementor-element elementor-element-51f6ea5 e-flex e-con-boxed e-con e-parent\" data-id=\"51f6ea5\" data-element_type=\"container\" data-e-type=\"container\">\n\t\t\t\t\t<div class=\"e-con-inner\">\n\t\t\t\t<div class=\"elementor-element elementor-element-a839963 elementor-widget elementor-widget-heading\" data-id=\"a839963\" data-element_type=\"widget\" data-e-type=\"widget\" data-widget_type=\"heading.default\">\n\t\t\t\t<div class=\"elementor-widget-container\">\n\t\t\t\t\t<h4 class=\"elementor-heading-title elementor-size-default\">SION SZAVA S\u00c1RV\u00c1R<\/h4>\t\t\t\t<\/div>\n\t\t\t\t<\/div>\n\t\t\t\t<div class=\"elementor-element elementor-element-6a63752 elementor-widget elementor-widget-text-editor\" data-id=\"6a63752\" data-element_type=\"widget\" data-e-type=\"widget\" data-widget_type=\"text-editor.default\">\n\t\t\t\t<div class=\"elementor-widget-container\">\n\t\t\t\t\t\t\t\t\t<p>\u00c9rdekl\u0151d\u00e9s: Csizmazia Ern\u0151n\u00e9, Marta, +36 30\u00a0207 0649<\/p>\t\t\t\t\t\t\t\t<\/div>\n\t\t\t\t<\/div>\n\t\t\t\t\t<\/div>\n\t\t\t\t<\/div>\n\t\t<div class=\"elementor-element elementor-element-6dff137 e-flex e-con-boxed e-con e-parent\" data-id=\"6dff137\" data-element_type=\"container\" data-e-type=\"container\">\n\t\t\t\t\t<div class=\"e-con-inner\">\n\t\t\t\t<div class=\"elementor-element elementor-element-73e23f4 elementor-widget elementor-widget-heading\" data-id=\"73e23f4\" data-element_type=\"widget\" data-e-type=\"widget\" data-widget_type=\"heading.default\">\n\t\t\t\t<div class=\"elementor-widget-container\">\n\t\t\t\t\t<h4 class=\"elementor-heading-title elementor-size-default\">SION SZAVA ZALAEGERSZEG<\/h4>\t\t\t\t<\/div>\n\t\t\t\t<\/div>\n\t\t\t\t<div class=\"elementor-element elementor-element-9edae50 elementor-widget elementor-widget-text-editor\" data-id=\"9edae50\" data-element_type=\"widget\" data-e-type=\"widget\" data-widget_type=\"text-editor.default\">\n\t\t\t\t<div class=\"elementor-widget-container\">\n\t\t\t\t\t\t\t\t\t<p>\u00c9rdekl\u0151d\u00e9s: Kir\u00e1ly Istv\u00e1nn\u00e9, Ibolya +36 30\u00a0898 3540<\/p>\t\t\t\t\t\t\t\t<\/div>\n\t\t\t\t<\/div>\n\t\t\t\t\t<\/div>\n\t\t\t\t<\/div>\n\t\t<div class=\"elementor-element elementor-element-847b122 e-flex e-con-boxed e-con e-parent\" data-id=\"847b122\" data-element_type=\"container\" data-e-type=\"container\">\n\t\t\t\t\t<div class=\"e-con-inner\">\n\t\t\t\t<div class=\"elementor-element elementor-element-d07470b elementor-widget elementor-widget-heading\" data-id=\"d07470b\" data-element_type=\"widget\" data-e-type=\"widget\" data-widget_type=\"heading.default\">\n\t\t\t\t<div class=\"elementor-widget-container\">\n\t\t\t\t\t<h4 class=\"elementor-heading-title elementor-size-default\">SION SZAVA P\u00c9CS, EBEN\u00c9ZER CSOPORT<\/h4>\t\t\t\t<\/div>\n\t\t\t\t<\/div>\n\t\t\t\t<div class=\"elementor-element elementor-element-b43075c elementor-widget elementor-widget-text-editor\" data-id=\"b43075c\" data-element_type=\"widget\" data-e-type=\"widget\" data-widget_type=\"text-editor.default\">\n\t\t\t\t<div class=\"elementor-widget-container\">\n\t\t\t\t\t\t\t\t\t<p>\u00c9rdekl\u0151d\u00e9s: Smidt Zsuzsa, +36 20\u00a0354 2296<br \/>Szombat: 16:00<\/p>\t\t\t\t\t\t\t\t<\/div>\n\t\t\t\t<\/div>\n\t\t\t\t\t<\/div>\n\t\t\t\t<\/div>\n\t\t\t\t<\/div>\n\t\t","protected":false},"excerpt":{"rendered":"<p>Nyugat-Magyarorsz\u00e1gi R\u00e9gi\u00f3 SION SZAVA ZALASZENTGR\u00d3T P\u00e1sztor: Magyar L\u00e1szl\u00f3, +36 30\u00a0200 1147Gy\u00fclekezetvezet\u0151: J\u00f3 Timon, +36 70\u00a0534 2270 Istentisztelet: Szombat: 16:00 \u2013 Mikossz\u00e9plak, Iskola\u00e9p\u00fclet SION SZAVA MIKOSSZ\u00c9PLAK P\u00e1sztor: Magyar L\u00e1szl\u00f3, +36 30\u00a0200 1147Gy\u00fclekezetvezet\u0151: J\u00f3 Timon, +36 70\u00a0534 2270Vas\u00e1rnap: 15:00 SION SZAVA PET\u0150HENYE P\u00e1sztor: Kir\u00e1ly Istv\u00e1nn\u00e9, Ibolya +36 30\u00a0898 3540 SION SZAVA S\u00c1RV\u00c1R \u00c9rdekl\u0151d\u00e9s: Csizmazia Ern\u0151n\u00e9, Marta, +36 [&hellip;]<\/p>\n","protected":false},"author":1,"featured_media":0,"parent":0,"menu_order":0,"comment_status":"closed","ping_status":"closed","template":"","meta":{"footnotes":""},"class_list":["post-439","page","type-page","status-publish","hentry"],"_links":{"self":[{"href":"https:\/\/sionszava.hu\/index.php?rest_route=\/wp\/v2\/pages\/439","targetHints":{"allow":["GET"]}}],"collection":[{"href":"https:\/\/sionszava.hu\/index.php?rest_route=\/wp\/v2\/pages"}],"about":[{"href":"https:\/\/sionszava.hu\/index.php?rest_route=\/wp\/v2\/types\/page"}],"author":[{"embeddable":true,"href":"https:\/\/sionszava.hu\/index.php?rest_route=\/wp\/v2\/users\/1"}],"replies":[{"embeddable":true,"href":"https:\/\/sionszava.hu\/index.php?rest_route=%2Fwp%2Fv2%2Fcomments&post=439"}],"version-history":[{"count":5,"href":"https:\/\/sionszava.hu\/index.php?rest_route=\/wp\/v2\/pages\/439\/revisions"}],"predecessor-version":[{"id":479,"href":"https:\/\/sionszava.hu\/index.php?rest_route=\/wp\/v2\/pages\/439\/revisions\/479"}],"wp:attachment":[{"href":"https:\/\/sionszava.hu\/index.php?rest_route=%2Fwp%2Fv2%2Fmedia&parent=439"}],"curies":[{"name":"wp","href":"https:\/\/api.w.org\/{rel}","templated":true}]}}