{"id":47,"date":"2023-04-03T15:41:33","date_gmt":"2023-04-03T14:41:33","guid":{"rendered":"https:\/\/sionszava.hu\/?page_id=47"},"modified":"2024-03-01T10:19:56","modified_gmt":"2024-03-01T09:19:56","slug":"elnokseg","status":"publish","type":"page","link":"https:\/\/sionszava.hu\/?page_id=47","title":{"rendered":"Eln\u00f6ks\u00e9g"},"content":{"rendered":"\t\t<div data-elementor-type=\"wp-page\" data-elementor-id=\"47\" class=\"elementor elementor-47\" data-elementor-post-type=\"page\">\n\t\t\t\t<div class=\"elementor-element elementor-element-722d953 e-flex e-con-boxed e-con e-parent\" data-id=\"722d953\" data-element_type=\"container\" data-e-type=\"container\">\n\t\t\t\t\t<div class=\"e-con-inner\">\n\t\t\t\t<div class=\"elementor-element elementor-element-bae8554 elementor-widget elementor-widget-heading\" data-id=\"bae8554\" data-element_type=\"widget\" data-e-type=\"widget\" data-widget_type=\"heading.default\">\n\t\t\t\t<div class=\"elementor-widget-container\">\n\t\t\t\t\t<h2 class=\"elementor-heading-title elementor-size-default\">Eln\u00f6ks\u00e9g<\/h2>\t\t\t\t<\/div>\n\t\t\t\t<\/div>\n\t\t\t\t\t<\/div>\n\t\t\t\t<\/div>\n\t\t<div class=\"elementor-element elementor-element-1829d19 e-flex e-con-boxed e-con e-parent\" data-id=\"1829d19\" data-element_type=\"container\" data-e-type=\"container\">\n\t\t\t\t\t<div class=\"e-con-inner\">\n\t\t<div class=\"elementor-element elementor-element-46fda3c e-con-full e-flex e-con e-child\" data-id=\"46fda3c\" data-element_type=\"container\" data-e-type=\"container\">\n\t\t\t\t<div class=\"elementor-element elementor-element-15d5210 elementor-widget elementor-widget-image\" data-id=\"15d5210\" data-element_type=\"widget\" data-e-type=\"widget\" data-widget_type=\"image.default\">\n\t\t\t\t<div class=\"elementor-widget-container\">\n\t\t\t\t\t\t\t\t\t\t\t\t\t\t\t<img fetchpriority=\"high\" decoding=\"async\" width=\"212\" height=\"300\" src=\"https:\/\/sionszava.hu\/wp-content\/uploads\/2023\/03\/Demeter-Jozsef-elnok-vezeto-pasztor-212x300.jpg\" class=\"elementor-animation-grow attachment-medium size-medium wp-image-12\" alt=\"Demeter J\u00f3zsef\" srcset=\"https:\/\/sionszava.hu\/wp-content\/uploads\/2023\/03\/Demeter-Jozsef-elnok-vezeto-pasztor-212x300.jpg 212w, https:\/\/sionszava.hu\/wp-content\/uploads\/2023\/03\/Demeter-Jozsef-elnok-vezeto-pasztor-724x1024.jpg 724w, https:\/\/sionszava.hu\/wp-content\/uploads\/2023\/03\/Demeter-Jozsef-elnok-vezeto-pasztor-768x1086.jpg 768w, https:\/\/sionszava.hu\/wp-content\/uploads\/2023\/03\/Demeter-Jozsef-elnok-vezeto-pasztor-1086x1536.jpg 1086w, https:\/\/sionszava.hu\/wp-content\/uploads\/2023\/03\/Demeter-Jozsef-elnok-vezeto-pasztor.jpg 1240w\" sizes=\"(max-width: 212px) 100vw, 212px\" \/>\t\t\t\t\t\t\t\t\t\t\t\t\t\t\t<\/div>\n\t\t\t\t<\/div>\n\t\t\t\t<\/div>\n\t\t<div class=\"elementor-element elementor-element-68842c6 e-con-full e-flex e-con e-child\" data-id=\"68842c6\" data-element_type=\"container\" data-e-type=\"container\">\n\t\t\t\t<div class=\"elementor-element elementor-element-dee324f elementor-widget elementor-widget-text-editor\" data-id=\"dee324f\" data-element_type=\"widget\" data-e-type=\"widget\" data-widget_type=\"text-editor.default\">\n\t\t\t\t<div class=\"elementor-widget-container\">\n\t\t\t\t\t\t\t\t\t<p><strong>Demeter J\u00f3zsef<\/strong><br \/><em>eln\u00f6k, vezet\u0151p\u00e1sztor<\/em><\/p><p>(+36) 20 429-5924<br \/>demeterjozs@gmail.com<\/p>\t\t\t\t\t\t\t\t<\/div>\n\t\t\t\t<\/div>\n\t\t\t\t<\/div>\n\t\t\t\t\t<\/div>\n\t\t\t\t<\/div>\n\t\t<div class=\"elementor-element elementor-element-d4adfe7 e-flex e-con-boxed e-con e-parent\" data-id=\"d4adfe7\" data-element_type=\"container\" data-e-type=\"container\">\n\t\t\t\t\t<div class=\"e-con-inner\">\n\t\t<div class=\"elementor-element elementor-element-b2b7f39 e-con-full e-flex e-con e-child\" data-id=\"b2b7f39\" data-element_type=\"container\" data-e-type=\"container\">\n\t\t\t\t<div class=\"elementor-element elementor-element-136eddb elementor-widget elementor-widget-image\" data-id=\"136eddb\" data-element_type=\"widget\" data-e-type=\"widget\" data-widget_type=\"image.default\">\n\t\t\t\t<div class=\"elementor-widget-container\">\n\t\t\t\t\t\t\t\t\t\t\t\t\t\t\t<img decoding=\"async\" width=\"212\" height=\"300\" src=\"https:\/\/sionszava.hu\/wp-content\/uploads\/2023\/04\/Demeter-Peter-egyhaztitkar-212x300.jpg\" class=\"elementor-animation-grow attachment-medium size-medium wp-image-180\" alt=\"Demeter P\u00e9ter\" srcset=\"https:\/\/sionszava.hu\/wp-content\/uploads\/2023\/04\/Demeter-Peter-egyhaztitkar-212x300.jpg 212w, https:\/\/sionszava.hu\/wp-content\/uploads\/2023\/04\/Demeter-Peter-egyhaztitkar-724x1024.jpg 724w, https:\/\/sionszava.hu\/wp-content\/uploads\/2023\/04\/Demeter-Peter-egyhaztitkar-768x1086.jpg 768w, https:\/\/sionszava.hu\/wp-content\/uploads\/2023\/04\/Demeter-Peter-egyhaztitkar-1086x1536.jpg 1086w, https:\/\/sionszava.hu\/wp-content\/uploads\/2023\/04\/Demeter-Peter-egyhaztitkar.jpg 1240w\" sizes=\"(max-width: 212px) 100vw, 212px\" \/>\t\t\t\t\t\t\t\t\t\t\t\t\t\t\t<\/div>\n\t\t\t\t<\/div>\n\t\t\t\t<\/div>\n\t\t<div class=\"elementor-element elementor-element-29379e9 e-con-full e-flex e-con e-child\" data-id=\"29379e9\" data-element_type=\"container\" data-e-type=\"container\">\n\t\t\t\t<div class=\"elementor-element elementor-element-8c6bbe2 elementor-widget elementor-widget-text-editor\" data-id=\"8c6bbe2\" data-element_type=\"widget\" data-e-type=\"widget\" data-widget_type=\"text-editor.default\">\n\t\t\t\t<div class=\"elementor-widget-container\">\n\t\t\t\t\t\t\t\t\t<p><strong>Demeter P\u00e9ter<\/strong><br \/><em>egyes\u00fcleti titk\u00e1r<\/em><\/p><p>(36) 20 279-1773<br \/>ryfrestudio@gmail.com<\/p>\t\t\t\t\t\t\t\t<\/div>\n\t\t\t\t<\/div>\n\t\t\t\t<\/div>\n\t\t\t\t\t<\/div>\n\t\t\t\t<\/div>\n\t\t\t\t<\/div>\n\t\t","protected":false},"excerpt":{"rendered":"<p>Eln\u00f6ks\u00e9g Demeter J\u00f3zsefeln\u00f6k, vezet\u0151p\u00e1sztor (+36) 20 429-5924demeterjozs@gmail.com Demeter P\u00e9teregyes\u00fcleti titk\u00e1r (36) 20 279-1773ryfrestudio@gmail.com<\/p>\n","protected":false},"author":1,"featured_media":0,"parent":0,"menu_order":0,"comment_status":"closed","ping_status":"closed","template":"","meta":{"footnotes":""},"class_list":["post-47","page","type-page","status-publish","hentry"],"_links":{"self":[{"href":"https:\/\/sionszava.hu\/index.php?rest_route=\/wp\/v2\/pages\/47","targetHints":{"allow":["GET"]}}],"collection":[{"href":"https:\/\/sionszava.hu\/index.php?rest_route=\/wp\/v2\/pages"}],"about":[{"href":"https:\/\/sionszava.hu\/index.php?rest_route=\/wp\/v2\/types\/page"}],"author":[{"embeddable":true,"href":"https:\/\/sionszava.hu\/index.php?rest_route=\/wp\/v2\/users\/1"}],"replies":[{"embeddable":true,"href":"https:\/\/sionszava.hu\/index.php?rest_route=%2Fwp%2Fv2%2Fcomments&post=47"}],"version-history":[{"count":8,"href":"https:\/\/sionszava.hu\/index.php?rest_route=\/wp\/v2\/pages\/47\/revisions"}],"predecessor-version":[{"id":529,"href":"https:\/\/sionszava.hu\/index.php?rest_route=\/wp\/v2\/pages\/47\/revisions\/529"}],"wp:attachment":[{"href":"https:\/\/sionszava.hu\/index.php?rest_route=%2Fwp%2Fv2%2Fmedia&parent=47"}],"curies":[{"name":"wp","href":"https:\/\/api.w.org\/{rel}","templated":true}]}}