{"id":483,"date":"2023-06-21T13:52:50","date_gmt":"2023-06-21T11:52:50","guid":{"rendered":"https:\/\/sionszava.hu\/?page_id=483"},"modified":"2023-06-21T13:56:22","modified_gmt":"2023-06-21T11:56:22","slug":"szerbia-szlovakia","status":"publish","type":"page","link":"https:\/\/sionszava.hu\/?page_id=483","title":{"rendered":"Szerbia, Szlov\u00e1kia"},"content":{"rendered":"\t\t<div data-elementor-type=\"wp-page\" data-elementor-id=\"483\" class=\"elementor elementor-483\" data-elementor-post-type=\"page\">\n\t\t\t\t<div class=\"elementor-element elementor-element-ead53e5 e-flex e-con-boxed e-con e-parent\" data-id=\"ead53e5\" data-element_type=\"container\" data-e-type=\"container\">\n\t\t\t\t\t<div class=\"e-con-inner\">\n\t\t<div class=\"elementor-element elementor-element-93765f3 e-flex e-con-boxed e-con e-parent\" data-id=\"93765f3\" data-element_type=\"container\" data-e-type=\"container\">\n\t\t\t\t\t<div class=\"e-con-inner\">\n\t\t\t\t<div class=\"elementor-element elementor-element-daaf508 elementor-widget elementor-widget-heading\" data-id=\"daaf508\" data-element_type=\"widget\" data-e-type=\"widget\" data-widget_type=\"heading.default\">\n\t\t\t\t<div class=\"elementor-widget-container\">\n\t\t\t\t\t<h2 class=\"elementor-heading-title elementor-size-default\">Szerbiai R\u00e9gi\u00f3<\/h2>\t\t\t\t<\/div>\n\t\t\t\t<\/div>\n\t\t\t\t<div class=\"elementor-element elementor-element-e78dc7d elementor-widget elementor-widget-heading\" data-id=\"e78dc7d\" data-element_type=\"widget\" data-e-type=\"widget\" data-widget_type=\"heading.default\">\n\t\t\t\t<div class=\"elementor-widget-container\">\n\t\t\t\t\t<h4 class=\"elementor-heading-title elementor-size-default\">Szabadka<\/h4>\t\t\t\t<\/div>\n\t\t\t\t<\/div>\n\t\t\t\t\t<\/div>\n\t\t\t\t<\/div>\n\t\t<div class=\"elementor-element elementor-element-b93fe36 e-flex e-con-boxed e-con e-parent\" data-id=\"b93fe36\" data-element_type=\"container\" data-e-type=\"container\">\n\t\t\t\t\t<div class=\"e-con-inner\">\n\t\t\t\t<div class=\"elementor-element elementor-element-19e0406 elementor-widget elementor-widget-heading\" data-id=\"19e0406\" data-element_type=\"widget\" data-e-type=\"widget\" data-widget_type=\"heading.default\">\n\t\t\t\t<div class=\"elementor-widget-container\">\n\t\t\t\t\t<h2 class=\"elementor-heading-title elementor-size-default\">Szlov\u00e1kia, Felvid\u00e9ki R\u00e9gi\u00f3<\/h2>\t\t\t\t<\/div>\n\t\t\t\t<\/div>\n\t\t\t\t<div class=\"elementor-element elementor-element-3314052 elementor-widget elementor-widget-text-editor\" data-id=\"3314052\" data-element_type=\"widget\" data-e-type=\"widget\" data-widget_type=\"text-editor.default\">\n\t\t\t\t<div class=\"elementor-widget-container\">\n\t\t\t\t\t\t\t\t\t<p>R\u00e9gi\u00f3vezet\u0151: Gy\u00f6rgy G\u00e1bor<\/p>\t\t\t\t\t\t\t\t<\/div>\n\t\t\t\t<\/div>\n\t\t\t\t\t<\/div>\n\t\t\t\t<\/div>\n\t\t<div class=\"elementor-element elementor-element-11ec830 e-flex e-con-boxed e-con e-parent\" data-id=\"11ec830\" data-element_type=\"container\" data-e-type=\"container\">\n\t\t\t\t\t<div class=\"e-con-inner\">\n\t\t<div class=\"elementor-element elementor-element-d3fe4a7 e-flex e-con-boxed e-con e-parent\" data-id=\"d3fe4a7\" data-element_type=\"container\" data-e-type=\"container\">\n\t\t\t\t\t<div class=\"e-con-inner\">\n\t\t\t\t<div class=\"elementor-element elementor-element-71bc356 elementor-widget elementor-widget-heading\" data-id=\"71bc356\" data-element_type=\"widget\" data-e-type=\"widget\" data-widget_type=\"heading.default\">\n\t\t\t\t<div class=\"elementor-widget-container\">\n\t\t\t\t\t<h4 class=\"elementor-heading-title elementor-size-default\">SION SZAVA M\u00c1RTONFALVA<\/h4>\t\t\t\t<\/div>\n\t\t\t\t<\/div>\n\t\t\t\t<div class=\"elementor-element elementor-element-3b29eb3 elementor-widget elementor-widget-text-editor\" data-id=\"3b29eb3\" data-element_type=\"widget\" data-e-type=\"widget\" data-widget_type=\"text-editor.default\">\n\t\t\t\t<div class=\"elementor-widget-container\">\n\t\t\t\t\t\t\t\t\t<p>\u00c1lland\u00f3 \u00f6sszevont alkalmak: Vas\u00e1rnap, 16:00<br \/>Szlov\u00e1kia, M\u00e1rtonfalva<br \/>Helyi vezet\u0151: Gy\u00f6rgy G\u00e1bor<\/p>\t\t\t\t\t\t\t\t<\/div>\n\t\t\t\t<\/div>\n\t\t\t\t\t<\/div>\n\t\t\t\t<\/div>\n\t\t\t\t\t<\/div>\n\t\t\t\t<\/div>\n\t\t<div class=\"elementor-element elementor-element-4c24c05 e-flex e-con-boxed e-con e-parent\" data-id=\"4c24c05\" data-element_type=\"container\" data-e-type=\"container\">\n\t\t\t\t\t<div class=\"e-con-inner\">\n\t\t<div class=\"elementor-element elementor-element-d90cf59 e-flex e-con-boxed e-con e-parent\" data-id=\"d90cf59\" data-element_type=\"container\" data-e-type=\"container\">\n\t\t\t\t\t<div class=\"e-con-inner\">\n\t\t\t\t<div class=\"elementor-element elementor-element-2ad9dd7 elementor-widget elementor-widget-heading\" data-id=\"2ad9dd7\" data-element_type=\"widget\" data-e-type=\"widget\" data-widget_type=\"heading.default\">\n\t\t\t\t<div class=\"elementor-widget-container\">\n\t\t\t\t\t<h4 class=\"elementor-heading-title elementor-size-default\">SION SZAVA TORNALJAI GY\u00dcLEKEZET<\/h4>\t\t\t\t<\/div>\n\t\t\t\t<\/div>\n\t\t\t\t<div class=\"elementor-element elementor-element-efa8ac3 elementor-widget elementor-widget-text-editor\" data-id=\"efa8ac3\" data-element_type=\"widget\" data-e-type=\"widget\" data-widget_type=\"text-editor.default\">\n\t\t\t\t<div class=\"elementor-widget-container\">\n\t\t\t\t\t\t\t\t\t<p>Szlov\u00e1kia, 98201. Tornalja, F\u0151t\u00e9r 6. (kiskult\u00far terem)<br \/>Helyi vezet\u0151: Varga M\u00e1ria<br \/>+421\u00a0904\u00a0939\u00a0028<\/p>\t\t\t\t\t\t\t\t<\/div>\n\t\t\t\t<\/div>\n\t\t\t\t\t<\/div>\n\t\t\t\t<\/div>\n\t\t\t\t\t<\/div>\n\t\t\t\t<\/div>\n\t\t<div class=\"elementor-element elementor-element-b017994 e-flex e-con-boxed e-con e-parent\" data-id=\"b017994\" data-element_type=\"container\" data-e-type=\"container\">\n\t\t\t\t\t<div class=\"e-con-inner\">\n\t\t<div class=\"elementor-element elementor-element-334cf0f e-flex e-con-boxed e-con e-parent\" data-id=\"334cf0f\" data-element_type=\"container\" data-e-type=\"container\">\n\t\t\t\t\t<div class=\"e-con-inner\">\n\t\t\t\t<div class=\"elementor-element elementor-element-1797832 elementor-widget elementor-widget-heading\" data-id=\"1797832\" data-element_type=\"widget\" data-e-type=\"widget\" data-widget_type=\"heading.default\">\n\t\t\t\t<div class=\"elementor-widget-container\">\n\t\t\t\t\t<h4 class=\"elementor-heading-title elementor-size-default\">SION SZAVA RIMASZOMBATI GY\u00dcLEKEZET<\/h4>\t\t\t\t<\/div>\n\t\t\t\t<\/div>\n\t\t\t\t<div class=\"elementor-element elementor-element-485232d elementor-widget elementor-widget-text-editor\" data-id=\"485232d\" data-element_type=\"widget\" data-e-type=\"widget\" data-widget_type=\"text-editor.default\">\n\t\t\t\t<div class=\"elementor-widget-container\">\n\t\t\t\t\t\t\t\t\t<p>Szlov\u00e1kia, Rimaszombat, RELAX Szabadid\u0151 K\u00f6zpont<br \/>Helyi vezet\u0151: Rusz\u00f3 K\u00e1roly<br \/>+421\u00a0910\u00a0615\u00a0112<\/p>\t\t\t\t\t\t\t\t<\/div>\n\t\t\t\t<\/div>\n\t\t\t\t\t<\/div>\n\t\t\t\t<\/div>\n\t\t\t\t\t<\/div>\n\t\t\t\t<\/div>\n\t\t<div class=\"elementor-element elementor-element-ec0247e e-flex e-con-boxed e-con e-parent\" data-id=\"ec0247e\" data-element_type=\"container\" data-e-type=\"container\">\n\t\t\t\t\t<div class=\"e-con-inner\">\n\t\t<div class=\"elementor-element elementor-element-4093e3f e-flex e-con-boxed e-con e-parent\" data-id=\"4093e3f\" data-element_type=\"container\" data-e-type=\"container\">\n\t\t\t\t\t<div class=\"e-con-inner\">\n\t\t\t\t<div class=\"elementor-element elementor-element-0fd29f4 elementor-widget elementor-widget-heading\" data-id=\"0fd29f4\" data-element_type=\"widget\" data-e-type=\"widget\" data-widget_type=\"heading.default\">\n\t\t\t\t<div class=\"elementor-widget-container\">\n\t\t\t\t\t<h4 class=\"elementor-heading-title elementor-size-default\">SION SZAVA P\u00c1LFALAI GY\u00dcLEKEZET<\/h4>\t\t\t\t<\/div>\n\t\t\t\t<\/div>\n\t\t\t\t<div class=\"elementor-element elementor-element-3739f8f elementor-widget elementor-widget-text-editor\" data-id=\"3739f8f\" data-element_type=\"widget\" data-e-type=\"widget\" data-widget_type=\"text-editor.default\">\n\t\t\t\t<div class=\"elementor-widget-container\">\n\t\t\t\t\t\t\t\t\t<p>Szlov\u00e1kia, 03221. P\u00e1lfala<br \/>Helyi vezet\u0151: Gy\u00f6rgy G\u00e1bor<\/p>\t\t\t\t\t\t\t\t<\/div>\n\t\t\t\t<\/div>\n\t\t\t\t\t<\/div>\n\t\t\t\t<\/div>\n\t\t\t\t\t<\/div>\n\t\t\t\t<\/div>\n\t\t<div class=\"elementor-element elementor-element-c524022 e-flex e-con-boxed e-con e-parent\" data-id=\"c524022\" data-element_type=\"container\" data-e-type=\"container\">\n\t\t\t\t\t<div class=\"e-con-inner\">\n\t\t<div class=\"elementor-element elementor-element-9536396 e-flex e-con-boxed e-con e-parent\" data-id=\"9536396\" data-element_type=\"container\" data-e-type=\"container\">\n\t\t\t\t\t<div class=\"e-con-inner\">\n\t\t\t\t<div class=\"elementor-element elementor-element-334276c elementor-widget elementor-widget-heading\" data-id=\"334276c\" data-element_type=\"widget\" data-e-type=\"widget\" data-widget_type=\"heading.default\">\n\t\t\t\t<div class=\"elementor-widget-container\">\n\t\t\t\t\t<h4 class=\"elementor-heading-title elementor-size-default\">SION SZAVA SERKEI GY\u00dcLEKEZET<\/h4>\t\t\t\t<\/div>\n\t\t\t\t<\/div>\n\t\t\t\t<div class=\"elementor-element elementor-element-754303a elementor-widget elementor-widget-text-editor\" data-id=\"754303a\" data-element_type=\"widget\" data-e-type=\"widget\" data-widget_type=\"text-editor.default\">\n\t\t\t\t<div class=\"elementor-widget-container\">\n\t\t\t\t\t\t\t\t\t<p>Szlov\u00e1kia, 98002. Serke, 72.<br \/>Helyi vezet\u0151: Ol\u00e1h P\u00e9ter<\/p>\t\t\t\t\t\t\t\t<\/div>\n\t\t\t\t<\/div>\n\t\t\t\t\t<\/div>\n\t\t\t\t<\/div>\n\t\t\t\t\t<\/div>\n\t\t\t\t<\/div>\n\t\t\t\t\t<\/div>\n\t\t\t\t<\/div>\n\t\t\t\t<\/div>\n\t\t","protected":false},"excerpt":{"rendered":"<p>Szerbiai R\u00e9gi\u00f3 Szabadka Szlov\u00e1kia, Felvid\u00e9ki R\u00e9gi\u00f3 R\u00e9gi\u00f3vezet\u0151: Gy\u00f6rgy G\u00e1bor SION SZAVA M\u00c1RTONFALVA \u00c1lland\u00f3 \u00f6sszevont alkalmak: Vas\u00e1rnap, 16:00Szlov\u00e1kia, M\u00e1rtonfalvaHelyi vezet\u0151: Gy\u00f6rgy G\u00e1bor SION SZAVA TORNALJAI GY\u00dcLEKEZET Szlov\u00e1kia, 98201. Tornalja, F\u0151t\u00e9r 6. (kiskult\u00far terem)Helyi vezet\u0151: Varga M\u00e1ria+421\u00a0904\u00a0939\u00a0028 SION SZAVA RIMASZOMBATI GY\u00dcLEKEZET Szlov\u00e1kia, Rimaszombat, RELAX Szabadid\u0151 K\u00f6zpontHelyi vezet\u0151: Rusz\u00f3 K\u00e1roly+421\u00a0910\u00a0615\u00a0112 SION SZAVA P\u00c1LFALAI GY\u00dcLEKEZET Szlov\u00e1kia, 03221. P\u00e1lfalaHelyi vezet\u0151: [&hellip;]<\/p>\n","protected":false},"author":1,"featured_media":0,"parent":0,"menu_order":0,"comment_status":"closed","ping_status":"closed","template":"","meta":{"footnotes":""},"class_list":["post-483","page","type-page","status-publish","hentry"],"_links":{"self":[{"href":"https:\/\/sionszava.hu\/index.php?rest_route=\/wp\/v2\/pages\/483","targetHints":{"allow":["GET"]}}],"collection":[{"href":"https:\/\/sionszava.hu\/index.php?rest_route=\/wp\/v2\/pages"}],"about":[{"href":"https:\/\/sionszava.hu\/index.php?rest_route=\/wp\/v2\/types\/page"}],"author":[{"embeddable":true,"href":"https:\/\/sionszava.hu\/index.php?rest_route=\/wp\/v2\/users\/1"}],"replies":[{"embeddable":true,"href":"https:\/\/sionszava.hu\/index.php?rest_route=%2Fwp%2Fv2%2Fcomments&post=483"}],"version-history":[{"count":5,"href":"https:\/\/sionszava.hu\/index.php?rest_route=\/wp\/v2\/pages\/483\/revisions"}],"predecessor-version":[{"id":490,"href":"https:\/\/sionszava.hu\/index.php?rest_route=\/wp\/v2\/pages\/483\/revisions\/490"}],"wp:attachment":[{"href":"https:\/\/sionszava.hu\/index.php?rest_route=%2Fwp%2Fv2%2Fmedia&parent=483"}],"curies":[{"name":"wp","href":"https:\/\/api.w.org\/{rel}","templated":true}]}}