{"id":58,"date":"2023-04-03T15:41:33","date_gmt":"2023-04-03T14:41:33","guid":{"rendered":"https:\/\/sionszava.hu\/?page_id=58"},"modified":"2024-03-01T10:46:05","modified_gmt":"2024-03-01T09:46:05","slug":"kapcsolat","status":"publish","type":"page","link":"https:\/\/sionszava.hu\/?page_id=58","title":{"rendered":"Kapcsolat"},"content":{"rendered":"\t\t<div data-elementor-type=\"wp-page\" data-elementor-id=\"58\" class=\"elementor elementor-58\" data-elementor-post-type=\"page\">\n\t\t\t\t<div class=\"elementor-element elementor-element-561f50a e-flex e-con-boxed e-con e-parent\" data-id=\"561f50a\" data-element_type=\"container\" data-e-type=\"container\">\n\t\t\t\t\t<div class=\"e-con-inner\">\n\t\t\t\t<div class=\"elementor-element elementor-element-766e2ab elementor-widget elementor-widget-heading\" data-id=\"766e2ab\" data-element_type=\"widget\" data-e-type=\"widget\" data-widget_type=\"heading.default\">\n\t\t\t\t<div class=\"elementor-widget-container\">\n\t\t\t\t\t<h2 class=\"elementor-heading-title elementor-size-default\">Kapcsolat<\/h2>\t\t\t\t<\/div>\n\t\t\t\t<\/div>\n\t\t\t\t\t<\/div>\n\t\t\t\t<\/div>\n\t\t<div class=\"elementor-element elementor-element-d819f86 e-flex e-con-boxed e-con e-parent\" data-id=\"d819f86\" data-element_type=\"container\" data-e-type=\"container\">\n\t\t\t\t\t<div class=\"e-con-inner\">\n\t\t\t\t<div class=\"elementor-element elementor-element-1f92a02 elementor-widget elementor-widget-heading\" data-id=\"1f92a02\" data-element_type=\"widget\" data-e-type=\"widget\" data-widget_type=\"heading.default\">\n\t\t\t\t<div class=\"elementor-widget-container\">\n\t\t\t\t\t<h3 class=\"elementor-heading-title elementor-size-default\">El\u00e9rhet\u0151s\u00e9gek<\/h3>\t\t\t\t<\/div>\n\t\t\t\t<\/div>\n\t\t\t\t<div class=\"elementor-element elementor-element-32d454e elementor-widget elementor-widget-text-editor\" data-id=\"32d454e\" data-element_type=\"widget\" data-e-type=\"widget\" data-widget_type=\"text-editor.default\">\n\t\t\t\t<div class=\"elementor-widget-container\">\n\t\t\t\t\t\t\t\t\t<div>\n<div>Sion Szava Teljes Evang\u00e9liumi Gy\u00fclekezet<\/div>\n<div>Sz\u00e9khely: 3530. Miskolc, Hadirokkantak \u00fatja 50.<\/div>\n<p><\/p>\n<div>Ad\u00f3sz\u00e1m: 19286938-1-04<\/div>\n<div>Banksz\u00e1mlasz\u00e1m: 11734004 &#8211; 25982231<\/div>\n<div>Telefon: +36 20&nbsp;429-5924<\/div>\n<div>www.sionszava-hu<\/div>\n<\/div>\t\t\t\t\t\t\t\t<\/div>\n\t\t\t\t<\/div>\n\t\t\t\t\t<\/div>\n\t\t\t\t<\/div>\n\t\t\t\t<\/div>\n\t\t","protected":false},"excerpt":{"rendered":"<p>Kapcsolat El\u00e9rhet\u0151s\u00e9gek Sion Szava Teljes Evang\u00e9liumi Gy\u00fclekezet Sz\u00e9khely: 3530. Miskolc, Hadirokkantak \u00fatja 50. Ad\u00f3sz\u00e1m: 19286938-1-04 Banksz\u00e1mlasz\u00e1m: 11734004 &#8211; 25982231 Telefon: +36 20&nbsp;429-5924 www.sionszava-hu<\/p>\n","protected":false},"author":1,"featured_media":0,"parent":0,"menu_order":0,"comment_status":"closed","ping_status":"closed","template":"","meta":{"footnotes":""},"class_list":["post-58","page","type-page","status-publish","hentry"],"_links":{"self":[{"href":"https:\/\/sionszava.hu\/index.php?rest_route=\/wp\/v2\/pages\/58","targetHints":{"allow":["GET"]}}],"collection":[{"href":"https:\/\/sionszava.hu\/index.php?rest_route=\/wp\/v2\/pages"}],"about":[{"href":"https:\/\/sionszava.hu\/index.php?rest_route=\/wp\/v2\/types\/page"}],"author":[{"embeddable":true,"href":"https:\/\/sionszava.hu\/index.php?rest_route=\/wp\/v2\/users\/1"}],"replies":[{"embeddable":true,"href":"https:\/\/sionszava.hu\/index.php?rest_route=%2Fwp%2Fv2%2Fcomments&post=58"}],"version-history":[{"count":8,"href":"https:\/\/sionszava.hu\/index.php?rest_route=\/wp\/v2\/pages\/58\/revisions"}],"predecessor-version":[{"id":544,"href":"https:\/\/sionszava.hu\/index.php?rest_route=\/wp\/v2\/pages\/58\/revisions\/544"}],"wp:attachment":[{"href":"https:\/\/sionszava.hu\/index.php?rest_route=%2Fwp%2Fv2%2Fmedia&parent=58"}],"curies":[{"name":"wp","href":"https:\/\/api.w.org\/{rel}","templated":true}]}}